{"id":14791,"date":"2024-09-16T10:07:25","date_gmt":"2024-09-16T08:07:35","guid":{"rendered":"https:\/\/dev.shimadzu-testing.com\/?page_id=14791"},"modified":"2025-02-05T09:52:44","modified_gmt":"2025-02-05T08:52:44","slug":"non-destructive-testing","status":"publish","type":"page","link":"https:\/\/shimadzu-testing.com\/sk\/products\/non-destructive-testing\/","title":{"rendered":"Nede\u0161trukt\u00edvne testovanie"},"content":{"rendered":"<div data-elementor-type=\"wp-page\" data-elementor-id=\"14791\" class=\"elementor elementor-14791\" data-elementor-post-type=\"page\">\n\t\t\t\t<div class=\"elementor-element elementor-element-17a7662 e-flex e-con-boxed e-con e-parent\" data-id=\"17a7662\" data-element_type=\"container\">\n\t\t\t\t\t<div class=\"e-con-inner\">\n\t\t\t\t<div class=\"elementor-element elementor-element-db4a7fe elementor-widget elementor-widget-text-editor\" data-id=\"db4a7fe\" data-element_type=\"widget\" data-widget_type=\"text-editor.default\">\n\t\t\t\t<div class=\"elementor-widget-container\">\n\t\t\t\t\t\t\t\t\t<h3>Preh\u013ead produktov<\/h3><h1>Stroje na nede\u0161trukt\u00edvne sk\u00fa\u0161anie<\/h1>\t\t\t\t\t\t\t\t<\/div>\n\t\t\t\t<\/div>\n\t\t\t\t<div class=\"elementor-element elementor-element-5de2349 elementor-hidden-desktop elementor-hidden-tablet elementor-hidden-mobile elementor-widget elementor-widget-text-editor\" data-id=\"5de2349\" data-element_type=\"widget\" data-widget_type=\"text-editor.default\">\n\t\t\t\t<div class=\"elementor-widget-container\">\n\t\t\t\t\t\t\t\t\t<p>Lorem<\/p>\t\t\t\t\t\t\t\t<\/div>\n\t\t\t\t<\/div>\n\t\t\t\t\t<\/div>\n\t\t\t\t<\/div>\n\t\t<div class=\"elementor-element elementor-element-d4b9a07 e-con-full e-flex e-con e-parent\" data-id=\"d4b9a07\" data-element_type=\"container\">\n\t\t\t\t<div class=\"elementor-element elementor-element-73d258a elementor-widget elementor-widget-template\" data-id=\"73d258a\" data-element_type=\"widget\" data-widget_type=\"template.default\">\n\t\t\t\t<div class=\"elementor-widget-container\">\n\t\t\t\t\t\t\t<div class=\"elementor-template\">\n\t\t\t\t\t<div data-elementor-type=\"container\" data-elementor-id=\"17006\" class=\"elementor elementor-17006\" data-elementor-post-type=\"elementor_library\">\n\t\t\t\t<div class=\"elementor-element elementor-element-2def8e87 e-flex e-con-boxed e-con e-parent\" data-id=\"2def8e87\" data-element_type=\"container\">\n\t\t\t\t\t<div class=\"e-con-inner\">\n\t\t<a class=\"elementor-element elementor-element-2dc6b010 e-con-full uebersicht-container e-flex e-con e-child\" data-id=\"2dc6b010\" data-element_type=\"container\" data-settings=\"{&quot;background_background&quot;:&quot;classic&quot;}\" href=\"\/sk\/products\/non-destructive-testing\/miv-x\/\">\n\t\t\t\t<div class=\"elementor-element elementor-element-68e69acc elementor-widget__width-inherit elementor-widget elementor-widget-image\" data-id=\"68e69acc\" data-element_type=\"widget\" data-widget_type=\"image.default\">\n\t\t\t\t<div class=\"elementor-widget-container\">\n\t\t\t\t\t\t\t\t\t\t\t\t\t\t\t<img fetchpriority=\"high\" decoding=\"async\" width=\"506\" height=\"312\" src=\"https:\/\/shimadzu-testing.com\/wp-content\/uploads\/2024\/09\/overview-miv-x.png\" class=\"attachment-full size-full wp-image-16379\" alt=\"\" \/>\t\t\t\t\t\t\t\t\t\t\t\t\t\t\t<\/div>\n\t\t\t\t<\/div>\n\t\t\t\t<div class=\"elementor-element elementor-element-5602dfb6 elementor-widget__width-inherit elementor-widget elementor-widget-heading\" data-id=\"5602dfb6\" data-element_type=\"widget\" data-widget_type=\"heading.default\">\n\t\t\t\t<div class=\"elementor-widget-container\">\n\t\t\t\t\t<h3 class=\"elementor-heading-title elementor-size-default\">Nede\u0161trukt\u00edvne testovanie<\/h3>\t\t\t\t<\/div>\n\t\t\t\t<\/div>\n\t\t\t\t<div class=\"elementor-element elementor-element-30878985 kein-strich-h2 elementor-widget elementor-widget-heading\" data-id=\"30878985\" data-element_type=\"widget\" data-widget_type=\"heading.default\">\n\t\t\t\t<div class=\"elementor-widget-container\">\n\t\t\t\t\t<h2 class=\"elementor-heading-title elementor-size-default\">MIV-X<\/h2>\t\t\t\t<\/div>\n\t\t\t\t<\/div>\n\t\t\t\t<div class=\"elementor-element elementor-element-81bb3e9 schwarze-info elementor-hidden-desktop elementor-hidden-tablet elementor-hidden-mobile elementor-widget elementor-widget-text-editor\" data-id=\"81bb3e9\" data-element_type=\"widget\" data-widget_type=\"text-editor.default\">\n\t\t\t\t<div class=\"elementor-widget-container\">\n\t\t\t\t\t\t\t\t\t<p>Pro<\/p>\t\t\t\t\t\t\t\t<\/div>\n\t\t\t\t<\/div>\n\t\t\t\t<div class=\"elementor-element elementor-element-2f704f29 elementor-widget__width-inherit elementor-widget elementor-widget-text-editor\" data-id=\"2f704f29\" data-element_type=\"widget\" data-widget_type=\"text-editor.default\">\n\t\t\t\t<div class=\"elementor-widget-container\">\n\t\t\t\t\t\t\t\t\t<table><tbody><tr><td>Frekvencia<\/td><td>20 kHz - 400 kHz<\/td><\/tr><tr><td>Typ testu<\/td><td>Vizu\u00e1lna kontrola povrchu<\/td><\/tr><tr><td>Typ<\/td><td>Stolov\u00e9 spotrebi\u010de<\/td><\/tr><tr><td>Odvetvia<\/td><td>Doprava, materi\u00e1l, chemik\u00e1lie, polovodi\u010de, elektrotechnika, infra\u0161trukt\u00fara<\/td><\/tr><\/tbody><\/table>\t\t\t\t\t\t\t\t<\/div>\n\t\t\t\t<\/div>\n\t\t\t\t<\/a>\n\t\t<a class=\"elementor-element elementor-element-a99dbb0 e-con-full uebersicht-container e-flex e-con e-child\" data-id=\"a99dbb0\" data-element_type=\"container\" data-settings=\"{&quot;background_background&quot;:&quot;classic&quot;}\" href=\"\/sk\/products\/non-destructive-testing\/xseeker-8000\/\">\n\t\t\t\t<div class=\"elementor-element elementor-element-38089943 elementor-widget__width-inherit elementor-widget elementor-widget-image\" data-id=\"38089943\" data-element_type=\"widget\" data-widget_type=\"image.default\">\n\t\t\t\t<div class=\"elementor-widget-container\">\n\t\t\t\t\t\t\t\t\t\t\t\t\t\t\t<img decoding=\"async\" width=\"506\" height=\"312\" src=\"https:\/\/shimadzu-testing.com\/wp-content\/uploads\/2024\/09\/overview-xseeker-8000.png\" class=\"attachment-full size-full wp-image-16378\" alt=\"\" \/>\t\t\t\t\t\t\t\t\t\t\t\t\t\t\t<\/div>\n\t\t\t\t<\/div>\n\t\t\t\t<div class=\"elementor-element elementor-element-7b9bfb2d elementor-widget__width-inherit elementor-widget elementor-widget-heading\" data-id=\"7b9bfb2d\" data-element_type=\"widget\" data-widget_type=\"heading.default\">\n\t\t\t\t<div class=\"elementor-widget-container\">\n\t\t\t\t\t<h3 class=\"elementor-heading-title elementor-size-default\">Nede\u0161trukt\u00edvne testovanie<\/h3>\t\t\t\t<\/div>\n\t\t\t\t<\/div>\n\t\t\t\t<div class=\"elementor-element elementor-element-26cca98b kein-strich-h2 elementor-widget elementor-widget-heading\" data-id=\"26cca98b\" data-element_type=\"widget\" data-widget_type=\"heading.default\">\n\t\t\t\t<div class=\"elementor-widget-container\">\n\t\t\t\t\t<h2 class=\"elementor-heading-title elementor-size-default\">XSeeker 8000<\/h2>\t\t\t\t<\/div>\n\t\t\t\t<\/div>\n\t\t\t\t<div class=\"elementor-element elementor-element-2c798607 schwarze-info elementor-hidden-desktop elementor-hidden-tablet elementor-hidden-mobile elementor-widget elementor-widget-text-editor\" data-id=\"2c798607\" data-element_type=\"widget\" data-widget_type=\"text-editor.default\">\n\t\t\t\t<div class=\"elementor-widget-container\">\n\t\t\t\t\t\t\t\t\t<p>Pokro\u010dil\u00e9<\/p>\t\t\t\t\t\t\t\t<\/div>\n\t\t\t\t<\/div>\n\t\t\t\t<div class=\"elementor-element elementor-element-72ebbd20 elementor-widget__width-inherit elementor-widget elementor-widget-text-editor\" data-id=\"72ebbd20\" data-element_type=\"widget\" data-widget_type=\"text-editor.default\">\n\t\t\t\t<div class=\"elementor-widget-container\">\n\t\t\t\t\t\t\t\t\t<table>\n<tbody>\n<tr>\n<td>V\u00fdstup r\u00f6ntgenov\u00e9ho \u017eiarenia<\/td>\n<td>160 kV 1,2 A<\/td>\n<\/tr>\n<tr>\n<td>Test<\/td>\n<td>R\u00f6ntgenov\u00e1 anal\u00fdza<\/td>\n<\/tr>\n<tr>\n<td>Typ<\/td>\n<td>Stolov\u00e9 spotrebi\u010de<\/td>\n<\/tr>\n<tr>\n<td>Odvetvia<\/td>\n<td>Univerz\u00e1lne<\/td>\n<\/tr>\n<\/tbody>\n<\/table>\t\t\t\t\t\t\t\t<\/div>\n\t\t\t\t<\/div>\n\t\t\t\t<\/a>\n\t\t\t\t\t<\/div>\n\t\t\t\t<\/div>\n\t\t\t\t<\/div>\n\t\t\t\t<\/div>\n\t\t\t\t\t\t<\/div>\n\t\t\t\t<\/div>\n\t\t\t\t<\/div>\n\t\t<div class=\"elementor-element elementor-element-551922e hg-grau-punkte elementor-hidden-desktop elementor-hidden-tablet elementor-hidden-mobile e-flex e-con-boxed e-con e-parent\" data-id=\"551922e\" data-element_type=\"container\" data-settings=\"{&quot;background_background&quot;:&quot;classic&quot;}\">\n\t\t\t\t\t<div class=\"e-con-inner\">\n\t\t\t\t<div class=\"elementor-element elementor-element-448ebe5 elementor-widget elementor-widget-heading\" data-id=\"448ebe5\" data-element_type=\"widget\" data-widget_type=\"heading.default\">\n\t\t\t\t<div class=\"elementor-widget-container\">\n\t\t\t\t\t<h2 class=\"elementor-heading-title elementor-size-default\">Lorem<\/h2>\t\t\t\t<\/div>\n\t\t\t\t<\/div>\n\t\t\t\t<div class=\"elementor-element elementor-element-785e5c7 elementor-widget elementor-widget-text-editor\" data-id=\"785e5c7\" data-element_type=\"widget\" data-widget_type=\"text-editor.default\">\n\t\t\t\t<div class=\"elementor-widget-container\">\n\t\t\t\t\t\t\t\t\t<p>Lorem<\/p>\t\t\t\t\t\t\t\t<\/div>\n\t\t\t\t<\/div>\n\t\t\t\t<div class=\"elementor-element elementor-element-5f10b51 elementor-widget elementor-widget-button\" data-id=\"5f10b51\" data-element_type=\"widget\" data-widget_type=\"button.default\">\n\t\t\t\t<div class=\"elementor-widget-container\">\n\t\t\t\t\t\t\t\t\t<div class=\"elementor-button-wrapper\">\n\t\t\t\t\t<a class=\"elementor-button elementor-button-link elementor-size-sm\" href=\"#\">\n\t\t\t\t\t\t<span class=\"elementor-button-content-wrapper\">\n\t\t\t\t\t\t\t\t\t<span class=\"elementor-button-text\">Pou\u017eitie a tipy<\/span>\n\t\t\t\t\t<\/span>\n\t\t\t\t\t<\/a>\n\t\t\t\t<\/div>\n\t\t\t\t\t\t\t\t<\/div>\n\t\t\t\t<\/div>\n\t\t\t\t<div class=\"elementor-element elementor-element-324c3eb elementor-widget elementor-widget-button\" data-id=\"324c3eb\" data-element_type=\"widget\" data-widget_type=\"button.default\">\n\t\t\t\t<div class=\"elementor-widget-container\">\n\t\t\t\t\t\t\t\t\t<div class=\"elementor-button-wrapper\">\n\t\t\t\t\t<a class=\"elementor-button elementor-button-link elementor-size-sm\" href=\"#\">\n\t\t\t\t\t\t<span class=\"elementor-button-content-wrapper\">\n\t\t\t\t\t\t\t\t\t<span class=\"elementor-button-text\">Kalibrierung &amp; Normen<\/span>\n\t\t\t\t\t<\/span>\n\t\t\t\t\t<\/a>\n\t\t\t\t<\/div>\n\t\t\t\t\t\t\t\t<\/div>\n\t\t\t\t<\/div>\n\t\t\t\t<div class=\"elementor-element elementor-element-76b87a0 elementor-widget elementor-widget-button\" data-id=\"76b87a0\" data-element_type=\"widget\" data-widget_type=\"button.default\">\n\t\t\t\t<div class=\"elementor-widget-container\">\n\t\t\t\t\t\t\t\t\t<div class=\"elementor-button-wrapper\">\n\t\t\t\t\t<a class=\"elementor-button elementor-button-link elementor-size-sm\" href=\"#\">\n\t\t\t\t\t\t<span class=\"elementor-button-content-wrapper\">\n\t\t\t\t\t\t\t\t\t<span class=\"elementor-button-text\">\u010casto kladen\u00e9 ot\u00e1zky<\/span>\n\t\t\t\t\t<\/span>\n\t\t\t\t\t<\/a>\n\t\t\t\t<\/div>\n\t\t\t\t\t\t\t\t<\/div>\n\t\t\t\t<\/div>\n\t\t\t\t\t<\/div>\n\t\t\t\t<\/div>\n\t\t<div class=\"elementor-element elementor-element-ac41e0c elementor-hidden-desktop elementor-hidden-tablet elementor-hidden-mobile e-flex e-con-boxed e-con e-parent\" data-id=\"ac41e0c\" data-element_type=\"container\">\n\t\t\t\t\t<div class=\"e-con-inner\">\n\t\t\t\t<div class=\"elementor-element elementor-element-2f4f0db elementor-widget elementor-widget-heading\" data-id=\"2f4f0db\" data-element_type=\"widget\" data-widget_type=\"heading.default\">\n\t\t\t\t<div class=\"elementor-widget-container\">\n\t\t\t\t\t<h2 class=\"elementor-heading-title elementor-size-default\">Lorem<\/h2>\t\t\t\t<\/div>\n\t\t\t\t<\/div>\n\t\t\t\t<div class=\"elementor-element elementor-element-f3553db elementor-widget elementor-widget-n-accordion\" data-id=\"f3553db\" data-element_type=\"widget\" data-settings=\"{&quot;n_accordion_animation_duration&quot;:{&quot;unit&quot;:&quot;ms&quot;,&quot;size&quot;:300,&quot;sizes&quot;:[]},&quot;default_state&quot;:&quot;expanded&quot;,&quot;max_items_expended&quot;:&quot;one&quot;}\" data-widget_type=\"nested-accordion.default\">\n\t\t\t\t<div class=\"elementor-widget-container\">\n\t\t\t\t\t\t\t<div class=\"e-n-accordion\" aria-label=\"Akorde\u00f3n. Odkazy otv\u00e1rajte kl\u00e1vesom Enter alebo Medzern\u00edk, zatv\u00e1rajte kl\u00e1vesom Escape a navigujte pomocou \u0161\u00edpok.\">\n\t\t\t\t\t\t<details id=\"e-n-accordion-item-2550\" class=\"e-n-accordion-item\" open>\n\t\t\t\t<summary class=\"e-n-accordion-item-title\" data-accordion-index=\"1\" tabindex=\"0\" aria-expanded=\"true\" aria-controls=\"e-n-accordion-item-2550\" >\n\t\t\t\t\t<span class='e-n-accordion-item-title-header'><div class=\"e-n-accordion-item-title-text\"> Lorem <\/div><\/span>\n\t\t\t\t\t\t\t\t\t<\/summary>\n\t\t\t\t<div role=\"region\" aria-labelledby=\"e-n-accordion-item-2550\" class=\"elementor-element elementor-element-4cd6b0f e-con-full e-flex e-con e-child\" data-id=\"4cd6b0f\" data-element_type=\"container\">\n\t\t<div role=\"region\" aria-labelledby=\"e-n-accordion-item-2550\" class=\"elementor-element elementor-element-822aea4 e-flex e-con-boxed e-con e-child\" data-id=\"822aea4\" data-element_type=\"container\">\n\t\t\t\t\t<div class=\"e-con-inner\">\n\t\t\t\t<div class=\"elementor-element elementor-element-aec284f elementor-widget elementor-widget-text-editor\" data-id=\"aec284f\" data-element_type=\"widget\" data-widget_type=\"text-editor.default\">\n\t\t\t\t<div class=\"elementor-widget-container\">\n\t\t\t\t\t\t\t\t\t<p>Lorem<\/p>\t\t\t\t\t\t\t\t<\/div>\n\t\t\t\t<\/div>\n\t\t\t\t\t<\/div>\n\t\t\t\t<\/div>\n\t\t\t\t<\/div>\n\t\t\t\t\t<\/details>\n\t\t\t\t\t<\/div>\n\t\t\t\t\t\t<\/div>\n\t\t\t\t<\/div>\n\t\t\t\t\t<\/div>\n\t\t\t\t<\/div>\n\t\t\t\t<\/div>","protected":false},"excerpt":{"rendered":"<p>Product overview Non-destructive testing machines Lorem Lorem Lorem Anwendungen &#038; Tipps Kalibrierung &#038; Normen FAQ\u00b4s Lorem Lorem Lorem Lorem<\/p>","protected":false},"author":1,"featured_media":0,"parent":1140,"menu_order":2,"comment_status":"closed","ping_status":"closed","template":"","meta":{"footnotes":""},"class_list":["post-14791","page","type-page","status-publish","hentry"],"yoast_head":"<!-- This site is optimized with the Yoast SEO plugin v25.4 - https:\/\/yoast.com\/wordpress\/plugins\/seo\/ -->\n<title>Non-Destructive Testing Equipment | Ensure Material Integrity<\/title>\n<meta name=\"description\" content=\"Explore Shimadzu&#039;s non-destructive testing equipment, including ultrasonic flaw detectors and X-ray inspection systems, for reliable material integrity assessments.\" \/>\n<meta name=\"robots\" content=\"index, follow, max-snippet:-1, max-image-preview:large, max-video-preview:-1\" \/>\n<link rel=\"canonical\" href=\"https:\/\/shimadzu-testing.com\/sk\/products\/non-destructive-testing\/\" \/>\n<meta name=\"twitter:card\" content=\"summary_large_image\" \/>\n<meta name=\"twitter:title\" content=\"Non-Destructive Testing Equipment | Ensure Material Integrity\" \/>\n<meta name=\"twitter:description\" content=\"Explore Shimadzu&#039;s non-destructive testing equipment, including ultrasonic flaw detectors and X-ray inspection systems, for reliable material integrity assessments.\" \/>\n<script type=\"application\/ld+json\" class=\"yoast-schema-graph\">{\"@context\":\"https:\/\/schema.org\",\"@graph\":[{\"@type\":\"WebPage\",\"@id\":\"https:\/\/shimadzu-testing.com\/de\/produkte\/zerstorungsfreie-prufung\/\",\"url\":\"https:\/\/shimadzu-testing.com\/de\/produkte\/zerstorungsfreie-prufung\/\",\"name\":\"Non-Destructive Testing Equipment | Ensure Material Integrity\",\"isPartOf\":{\"@id\":\"https:\/\/shimadzu-testing.com\/en\/#website\"},\"datePublished\":\"2024-09-16T08:07:35+00:00\",\"dateModified\":\"2025-02-05T08:52:44+00:00\",\"description\":\"Explore Shimadzu's non-destructive testing equipment, including ultrasonic flaw detectors and X-ray inspection systems, for reliable material integrity assessments.\",\"breadcrumb\":{\"@id\":\"https:\/\/shimadzu-testing.com\/de\/produkte\/zerstorungsfreie-prufung\/#breadcrumb\"},\"inLanguage\":\"sk-SK\",\"potentialAction\":[{\"@type\":\"ReadAction\",\"target\":[\"https:\/\/shimadzu-testing.com\/de\/produkte\/zerstorungsfreie-prufung\/\"]}]},{\"@type\":\"BreadcrumbList\",\"@id\":\"https:\/\/shimadzu-testing.com\/de\/produkte\/zerstorungsfreie-prufung\/#breadcrumb\",\"itemListElement\":[{\"@type\":\"ListItem\",\"position\":1,\"name\":\"Startseite\",\"item\":\"https:\/\/shimadzu-testing.com\/\"},{\"@type\":\"ListItem\",\"position\":2,\"name\":\"Products\",\"item\":\"https:\/\/shimadzu-testing.com\/en\/products\/\"},{\"@type\":\"ListItem\",\"position\":3,\"name\":\"Non-destructive testing\"}]},{\"@type\":\"WebSite\",\"@id\":\"https:\/\/shimadzu-testing.com\/en\/#website\",\"url\":\"https:\/\/shimadzu-testing.com\/en\/\",\"name\":\"Shimadzu Testing\",\"description\":\"Shimadzu Testing\",\"publisher\":{\"@id\":\"https:\/\/shimadzu-testing.com\/en\/#organization\"},\"potentialAction\":[{\"@type\":\"SearchAction\",\"target\":{\"@type\":\"EntryPoint\",\"urlTemplate\":\"https:\/\/shimadzu-testing.com\/en\/?s={search_term_string}\"},\"query-input\":{\"@type\":\"PropertyValueSpecification\",\"valueRequired\":true,\"valueName\":\"search_term_string\"}}],\"inLanguage\":\"sk-SK\"},{\"@type\":\"Organization\",\"@id\":\"https:\/\/shimadzu-testing.com\/en\/#organization\",\"name\":\"Shimadzu Testing\",\"url\":\"https:\/\/shimadzu-testing.com\/en\/\",\"logo\":{\"@type\":\"ImageObject\",\"inLanguage\":\"sk-SK\",\"@id\":\"https:\/\/shimadzu-testing.com\/en\/#\/schema\/logo\/image\/\",\"url\":\"https:\/\/shimadzu-testing.com\/wp-content\/uploads\/2024\/08\/shimadzu-logo-roter-hintergrund.svg\",\"contentUrl\":\"https:\/\/shimadzu-testing.com\/wp-content\/uploads\/2024\/08\/shimadzu-logo-roter-hintergrund.svg\",\"width\":364,\"height\":100,\"caption\":\"Shimadzu Testing\"},\"image\":{\"@id\":\"https:\/\/shimadzu-testing.com\/en\/#\/schema\/logo\/image\/\"}}]}<\/script>\n<!-- \/ Yoast SEO plugin. -->","yoast_head_json":{"title":"Non-Destructive Testing Equipment | Ensure Material Integrity","description":"Explore Shimadzu's non-destructive testing equipment, including ultrasonic flaw detectors and X-ray inspection systems, for reliable material integrity assessments.","robots":{"index":"index","follow":"follow","max-snippet":"max-snippet:-1","max-image-preview":"max-image-preview:large","max-video-preview":"max-video-preview:-1"},"canonical":"https:\/\/shimadzu-testing.com\/sk\/products\/non-destructive-testing\/","twitter_card":"summary_large_image","twitter_title":"Non-Destructive Testing Equipment | Ensure Material Integrity","twitter_description":"Explore Shimadzu's non-destructive testing equipment, including ultrasonic flaw detectors and X-ray inspection systems, for reliable material integrity assessments.","schema":{"@context":"https:\/\/schema.org","@graph":[{"@type":"WebPage","@id":"https:\/\/shimadzu-testing.com\/de\/produkte\/zerstorungsfreie-prufung\/","url":"https:\/\/shimadzu-testing.com\/de\/produkte\/zerstorungsfreie-prufung\/","name":"Non-Destructive Testing Equipment | Ensure Material Integrity","isPartOf":{"@id":"https:\/\/shimadzu-testing.com\/en\/#website"},"datePublished":"2024-09-16T08:07:35+00:00","dateModified":"2025-02-05T08:52:44+00:00","description":"Explore Shimadzu's non-destructive testing equipment, including ultrasonic flaw detectors and X-ray inspection systems, for reliable material integrity assessments.","breadcrumb":{"@id":"https:\/\/shimadzu-testing.com\/de\/produkte\/zerstorungsfreie-prufung\/#breadcrumb"},"inLanguage":"sk-SK","potentialAction":[{"@type":"ReadAction","target":["https:\/\/shimadzu-testing.com\/de\/produkte\/zerstorungsfreie-prufung\/"]}]},{"@type":"BreadcrumbList","@id":"https:\/\/shimadzu-testing.com\/de\/produkte\/zerstorungsfreie-prufung\/#breadcrumb","itemListElement":[{"@type":"ListItem","position":1,"name":"Startseite","item":"https:\/\/shimadzu-testing.com\/"},{"@type":"ListItem","position":2,"name":"Products","item":"https:\/\/shimadzu-testing.com\/en\/products\/"},{"@type":"ListItem","position":3,"name":"Non-destructive testing"}]},{"@type":"WebSite","@id":"https:\/\/shimadzu-testing.com\/en\/#website","url":"https:\/\/shimadzu-testing.com\/en\/","name":"Shimadzu Testing","description":"Shimadzu Testing","publisher":{"@id":"https:\/\/shimadzu-testing.com\/en\/#organization"},"potentialAction":[{"@type":"SearchAction","target":{"@type":"EntryPoint","urlTemplate":"https:\/\/shimadzu-testing.com\/en\/?s={search_term_string}"},"query-input":{"@type":"PropertyValueSpecification","valueRequired":true,"valueName":"search_term_string"}}],"inLanguage":"sk-SK"},{"@type":"Organization","@id":"https:\/\/shimadzu-testing.com\/en\/#organization","name":"Shimadzu Testing","url":"https:\/\/shimadzu-testing.com\/en\/","logo":{"@type":"ImageObject","inLanguage":"sk-SK","@id":"https:\/\/shimadzu-testing.com\/en\/#\/schema\/logo\/image\/","url":"https:\/\/shimadzu-testing.com\/wp-content\/uploads\/2024\/08\/shimadzu-logo-roter-hintergrund.svg","contentUrl":"https:\/\/shimadzu-testing.com\/wp-content\/uploads\/2024\/08\/shimadzu-logo-roter-hintergrund.svg","width":364,"height":100,"caption":"Shimadzu Testing"},"image":{"@id":"https:\/\/shimadzu-testing.com\/en\/#\/schema\/logo\/image\/"}}]}},"_links":{"self":[{"href":"https:\/\/shimadzu-testing.com\/sk\/wp-json\/wp\/v2\/pages\/14791","targetHints":{"allow":["GET"]}}],"collection":[{"href":"https:\/\/shimadzu-testing.com\/sk\/wp-json\/wp\/v2\/pages"}],"about":[{"href":"https:\/\/shimadzu-testing.com\/sk\/wp-json\/wp\/v2\/types\/page"}],"author":[{"embeddable":true,"href":"https:\/\/shimadzu-testing.com\/sk\/wp-json\/wp\/v2\/users\/1"}],"replies":[{"embeddable":true,"href":"https:\/\/shimadzu-testing.com\/sk\/wp-json\/wp\/v2\/comments?post=14791"}],"version-history":[{"count":0,"href":"https:\/\/shimadzu-testing.com\/sk\/wp-json\/wp\/v2\/pages\/14791\/revisions"}],"up":[{"embeddable":true,"href":"https:\/\/shimadzu-testing.com\/sk\/wp-json\/wp\/v2\/pages\/1140"}],"wp:attachment":[{"href":"https:\/\/shimadzu-testing.com\/sk\/wp-json\/wp\/v2\/media?parent=14791"}],"curies":[{"name":"wp","href":"https:\/\/api.w.org\/{rel}","templated":true}]}}