{"id":11140,"date":"2023-11-10T10:54:25","date_gmt":"2023-11-10T09:54:32","guid":{"rendered":"https:\/\/dev.rockster.at\/?page_id=11140"},"modified":"2024-10-02T10:14:33","modified_gmt":"2024-10-02T08:14:33","slug":"terms-of-use","status":"publish","type":"page","link":"https:\/\/shimadzu-testing.com\/sk\/terms-of-use\/","title":{"rendered":"Podmienky pou\u017e\u00edvania"},"content":{"rendered":"<div data-elementor-type=\"wp-page\" data-elementor-id=\"11140\" class=\"elementor elementor-11140\" data-elementor-post-type=\"page\">\n\t\t\t\t<div class=\"elementor-element elementor-element-c4d2998 e-flex e-con-boxed e-con e-parent\" data-id=\"c4d2998\" data-element_type=\"container\">\n\t\t\t\t\t<div class=\"e-con-inner\">\n\t\t\t\t<div class=\"elementor-element elementor-element-61dc192 elementor-widget elementor-widget-text-editor\" data-id=\"61dc192\" data-element_type=\"widget\" data-widget_type=\"text-editor.default\">\n\t\t\t\t<div class=\"elementor-widget-container\">\n\t\t\t\t\t\t\t\t\t<h3>Shimadzu<\/h3><h1>Podmienky pou\u017e\u00edvania<\/h1>\t\t\t\t\t\t\t\t<\/div>\n\t\t\t\t<\/div>\n\t\t\t\t\t<\/div>\n\t\t\t\t<\/div>\n\t\t<div class=\"elementor-element elementor-element-a3fbc25 e-flex e-con-boxed e-con e-parent\" data-id=\"a3fbc25\" data-element_type=\"container\">\n\t\t\t\t\t<div class=\"e-con-inner\">\n\t\t\t\t<div class=\"elementor-element elementor-element-26b51ec kein-strich-h2 elementor-widget elementor-widget-text-editor\" data-id=\"26b51ec\" data-element_type=\"widget\" data-widget_type=\"text-editor.default\">\n\t\t\t\t<div class=\"elementor-widget-container\">\n\t\t\t\t\t\t\t\t\t<h2>1. Dohoda<\/h2><p>Pr\u00edstupom na webov\u00fa str\u00e1nku shimadzu-testing.com a jej pou\u017e\u00edvan\u00edm prij\u00edmate a s\u00fahlas\u00edte s podmienkami tejto zmluvy. Okrem toho si pri pou\u017e\u00edvan\u00ed slu\u017eieb tejto webovej lokality mus\u00edte by\u0165 vedom\u00ed, \u017ee zverejnen\u00e9 pokyny a inform\u00e1cie m\u00f4\u017eu by\u0165 kedyko\u013evek zmenen\u00e9 alebo aktualizovan\u00e9.<br \/><br \/>Ak\u00e1ko\u013evek \u00fa\u010das\u0165 na tejto webovej str\u00e1nke znamen\u00e1 prijatie tejto dohody. Ak s vy\u0161\u0161ie uveden\u00fdm nes\u00fahlas\u00edte, nepou\u017e\u00edvajte str\u00e1nku www.shimadzu-testing.com.<br \/><br \/>Poskytnut\u00fd obsah na str\u00e1nke shimadzu-testing.com sl\u00fa\u017ei len na informa\u010dn\u00e9 \u00fa\u010dely. Spolo\u010dnos\u0165 Shimadzu Handelsgesellschaft m.b.H. nenesie zodpovednos\u0165 a nem\u00f4\u017ee zaru\u010di\u0165 spr\u00e1vnos\u0165 a dostupnos\u0165 obsahu.<\/p>\t\t\t\t\t\t\t\t<\/div>\n\t\t\t\t<\/div>\n\t\t\t\t<div class=\"elementor-element elementor-element-9a25ea1 kein-strich-h2 elementor-widget elementor-widget-text-editor\" data-id=\"9a25ea1\" data-element_type=\"widget\" data-widget_type=\"text-editor.default\">\n\t\t\t\t<div class=\"elementor-widget-container\">\n\t\t\t\t\t\t\t\t\t<h2>2. Slu\u017eba<\/h2><p>a.) Webov\u00e1 str\u00e1nka spolo\u010dnosti Shimadzu Handelsgesellschaft m.b.H. poskytuje r\u00f4zne inform\u00e1cie o produktoch a aplik\u00e1ci\u00e1ch na \u010d\u00edtanie online a na stiahnutie. Hoci na na\u0161ej webovej str\u00e1nke pracujeme s ve\u013ekou starostlivos\u0165ou, nem\u00f4\u017eeme v\u00e1m zaru\u010di\u0165 \u00fapln\u00fa spr\u00e1vnos\u0165 a \u00faplnos\u0165.\u00a0<br \/><br \/>b.) Sme opr\u00e1vnen\u00ed poskytnut\u00e9 inform\u00e1cie meni\u0165 a dop\u013a\u0148a\u0165. Taktie\u017e nem\u00f4\u017eeme zaru\u010di\u0165 neobmedzen\u00fa dostupnos\u0165 na\u0161ej webovej str\u00e1nky z d\u00f4vodu mo\u017en\u00fdch probl\u00e9mov so serverom.<br \/><br \/>c.) Technick\u00e9 \u0161pecifik\u00e1cie alebo v\u0161eobecn\u00e9 popisy na\u0161ich v\u00fdrobkov m\u00f4\u017eu obsahova\u0165 chyby. Taktie\u017e nie ka\u017ed\u00fd v\u00fdrobok je dostupn\u00fd v ka\u017edej krajine. V pr\u00edpade z\u00e1ujmu o na\u0161e v\u00fdrobky v\u00e1m odpor\u00fa\u010dame n\u00e1s kontaktova\u0165.<br \/><br \/>d.) M\u00e1me pr\u00e1vo zablokova\u0165 v\u00e1\u0161 pr\u00edstup na t\u00fato webov\u00fa str\u00e1nku Shimadzu, ak poru\u0161\u00edte na\u0161e podmienky pou\u017e\u00edvania.<br \/><br \/>e.) Str\u00e1nky Shimadzu-testing.com obsahuj\u00fa odkazy na extern\u00e9 webov\u00e9 str\u00e1nky tret\u00edch str\u00e1n (hypertextov\u00e9 odkazy). Spolo\u010dnos\u0165 Shimadzu Handelsgesellschaft m.b.H. nenesie \u017eiadnu zodpovednos\u0165 za obsah webov\u00fdch str\u00e1nok tret\u00edch str\u00e1n.\u00a0<\/p>\t\t\t\t\t\t\t\t<\/div>\n\t\t\t\t<\/div>\n\t\t\t\t<div class=\"elementor-element elementor-element-cc6eaa6 kein-strich-h2 elementor-widget elementor-widget-text-editor\" data-id=\"cc6eaa6\" data-element_type=\"widget\" data-widget_type=\"text-editor.default\">\n\t\t\t\t<div class=\"elementor-widget-container\">\n\t\t\t\t\t\t\t\t\t<h2>3. Autorsk\u00e9 pr\u00e1va<\/h2><p>a.) Spolo\u010dnos\u0165 Shimadzu Handelsgesellschaft m.b.H. a jej partneri a poskytovatelia licenci\u00ed maj\u00fa n\u00e1rok na v\u0161etky pr\u00e1va (autorsk\u00e9 pr\u00e1va, patenty, obchodn\u00e9 zna\u010dky, pr\u00e1va na pou\u017e\u00edvanie at\u010f.) t\u00fdkaj\u00face sa webovej str\u00e1nky shimadzu-testing.com vr\u00e1tane jej obsahu a v\u00fdsledkov vytvoren\u00fdch alebo zobrazen\u00fdch prostredn\u00edctvom pon\u00fakan\u00fdch prezenta\u010dn\u00fdch n\u00e1strojov - vo v\u0161etk\u00fdch form\u00e1toch (\u00fadaje, rozlo\u017eenie, zdrojov\u00fd text, softv\u00e9r, obsah, funk\u010dnos\u0165, zvuk, zoznamy odkazov, datab\u00e1zy, animovan\u00e9 obr\u00e1zky at\u010f.).<br \/><br \/>b.) Pou\u017e\u00edvate\u013e nesmie upravova\u0165, spracov\u00e1va\u0165 alebo preklada\u0165, \u00faplne alebo \u010diasto\u010dne, webov\u00e9 str\u00e1nky shimadzu-testing.com a ich obsah alebo v\u00fdsledky vytvoren\u00e9 alebo zobrazen\u00e9 pomocou pon\u00fakan\u00fdch prezenta\u010dn\u00fdch n\u00e1strojov bez p\u00edsomn\u00e9ho s\u00fahlasu spolo\u010dnosti Shimadzu Handelsgesellschaft m.b.H.<br \/><br \/>c.) Reprodukcia str\u00e1nok, textov a\/alebo jednotliv\u00fdch \u010dl\u00e1nkov nie je povolen\u00e1, pokia\u013e nie s\u00fa reprodukovan\u00e9 v plnom rozsahu bez akejko\u013evek \u00fapravy ich obsahu alebo pridania koment\u00e1rov. V\u00fdnimku z tejto po\u017eiadavky tvoria cit\u00e1cie, ktor\u00e9 s\u00fa takto ozna\u010den\u00e9 a doplnen\u00e9 odkazom na ich zdroj.<\/p>\t\t\t\t\t\t\t\t<\/div>\n\t\t\t\t<\/div>\n\t\t\t\t<div class=\"elementor-element elementor-element-3e204a1 kein-strich-h2 elementor-widget elementor-widget-text-editor\" data-id=\"3e204a1\" data-element_type=\"widget\" data-widget_type=\"text-editor.default\">\n\t\t\t\t<div class=\"elementor-widget-container\">\n\t\t\t\t\t\t\t\t\t<h2>4. Z\u00e1sady ochrany osobn\u00fdch \u00fadajov<\/h2><p>Spolo\u010dnos\u0165 Shimadzu Handelsgesellschaft m.b.H. berie bezpe\u010dnos\u0165 \u00fadajov v\u00e1\u017ene, preto sme vypracovali Z\u00e1sady ochrany osobn\u00fdch \u00fadajov, ktor\u00e9 opisuj\u00fa, ako spolo\u010dnos\u0165 Shimadzu pou\u017e\u00edva a chr\u00e1ni va\u0161e \u00fadaje. Viac inform\u00e1ci\u00ed n\u00e1jdete v na\u0161ich z\u00e1sad\u00e1ch ochrany osobn\u00fdch \u00fadajov:<br \/><a href=\"\/sk\/privacy-policy\/\">Z\u00e1sady ochrany osobn\u00fdch \u00fadajov<\/a><\/p>\t\t\t\t\t\t\t\t<\/div>\n\t\t\t\t<\/div>\n\t\t\t\t<div class=\"elementor-element elementor-element-1660d02 kein-strich-h2 email-link elementor-widget elementor-widget-text-editor\" data-id=\"1660d02\" data-element_type=\"widget\" data-widget_type=\"text-editor.default\">\n\t\t\t\t<div class=\"elementor-widget-container\">\n\t\t\t\t\t\t\t\t\t<p>Pou\u017e\u00edvanie tejto webovej str\u00e1nky podlieha rak\u00faskemu a eur\u00f3pskemu pr\u00e1vu.<br \/><br \/><strong>Shimadzu Handelsgesellschaft m.b.H. \u00a0<br \/><br \/><\/strong>Laaer Strasse 7-9<br \/>A-2100 Korneuburg<br \/><br \/>Tel: \u00a0<a href=\"tel:+432262626010\" data-no-translation=\"\">+43 2262 62601-0<\/a><br \/>Fax: +43 2262 62601-3<br \/>Po\u0161ta:\u00a0<a href=\"&#x6d;&#x61;&#x69;&#x6c;&#x74;&#x6f;&#x3a;&#x6f;&#x66;&#x66;&#x69;&#99;&#101;&#64;&#115;&#104;&#105;&#109;adzu&#46;a&#x74;\" data-no-translation=\"\">o&#102;&#102;&#x69;&#x63;e&#64;&#115;&#104;&#x69;&#x6d;ad&#122;&#117;&#x2e;&#x61;t<\/a><\/p>\t\t\t\t\t\t\t\t<\/div>\n\t\t\t\t<\/div>\n\t\t\t\t\t<\/div>\n\t\t\t\t<\/div>\n\t\t\t\t<\/div>","protected":false},"excerpt":{"rendered":"<p>Shimadzu Terms of Use 1. Agreement By accessing and using the shimadzu-testing.com website, you accept and agree to the terms of this agreement. In addition, when using this website\u2019s services, you shall be aware that posted guidelines and information can be modified or updated at any time. Any participation in this website will constitute acceptance [&hellip;]<\/p>","protected":false},"author":5,"featured_media":0,"parent":0,"menu_order":7,"comment_status":"closed","ping_status":"closed","template":"","meta":{"footnotes":""},"class_list":["post-11140","page","type-page","status-publish","hentry"],"yoast_head":"<!-- This site is optimized with the Yoast SEO plugin v25.4 - https:\/\/yoast.com\/wordpress\/plugins\/seo\/ -->\n<title>Terms of use - Shimadzu Testing<\/title>\n<meta name=\"robots\" content=\"index, follow, max-snippet:-1, max-image-preview:large, max-video-preview:-1\" \/>\n<link rel=\"canonical\" href=\"https:\/\/shimadzu-testing.com\/sk\/terms-of-use\/\" \/>\n<meta name=\"twitter:card\" content=\"summary_large_image\" \/>\n<meta name=\"twitter:title\" content=\"Terms of use - Shimadzu Testing\" \/>\n<meta name=\"twitter:description\" content=\"Shimadzu Terms of Use 1. Agreement By accessing and using the shimadzu-testing.com website, you accept and agree to the terms of this agreement. In addition, when using this website\u2019s services, you shall be aware that posted guidelines and information can be modified or updated at any time. Any participation in this website will constitute acceptance [&hellip;]\" \/>\n<meta name=\"twitter:label1\" content=\"Predpokladan\u00fd \u010das \u010d\u00edtania\" \/>\n\t<meta name=\"twitter:data1\" content=\"1 min\u00fata\" \/>\n<script type=\"application\/ld+json\" class=\"yoast-schema-graph\">{\"@context\":\"https:\/\/schema.org\",\"@graph\":[{\"@type\":\"WebPage\",\"@id\":\"https:\/\/shimadzu-testing.com\/en\/terms-of-use\/\",\"url\":\"https:\/\/shimadzu-testing.com\/en\/terms-of-use\/\",\"name\":\"Terms of use - Shimadzu Testing\",\"isPartOf\":{\"@id\":\"https:\/\/shimadzu-testing.com\/en\/#website\"},\"datePublished\":\"2023-11-10T09:54:32+00:00\",\"dateModified\":\"2024-10-02T08:14:33+00:00\",\"breadcrumb\":{\"@id\":\"https:\/\/shimadzu-testing.com\/en\/terms-of-use\/#breadcrumb\"},\"inLanguage\":\"sk-SK\",\"potentialAction\":[{\"@type\":\"ReadAction\",\"target\":[\"https:\/\/shimadzu-testing.com\/en\/terms-of-use\/\"]}]},{\"@type\":\"BreadcrumbList\",\"@id\":\"https:\/\/shimadzu-testing.com\/en\/terms-of-use\/#breadcrumb\",\"itemListElement\":[{\"@type\":\"ListItem\",\"position\":1,\"name\":\"Startseite\",\"item\":\"https:\/\/shimadzu-testing.com\/\"},{\"@type\":\"ListItem\",\"position\":2,\"name\":\"Terms of use\"}]},{\"@type\":\"WebSite\",\"@id\":\"https:\/\/shimadzu-testing.com\/en\/#website\",\"url\":\"https:\/\/shimadzu-testing.com\/en\/\",\"name\":\"Shimadzu Testing\",\"description\":\"Shimadzu Testing\",\"publisher\":{\"@id\":\"https:\/\/shimadzu-testing.com\/en\/#organization\"},\"potentialAction\":[{\"@type\":\"SearchAction\",\"target\":{\"@type\":\"EntryPoint\",\"urlTemplate\":\"https:\/\/shimadzu-testing.com\/en\/?s={search_term_string}\"},\"query-input\":{\"@type\":\"PropertyValueSpecification\",\"valueRequired\":true,\"valueName\":\"search_term_string\"}}],\"inLanguage\":\"sk-SK\"},{\"@type\":\"Organization\",\"@id\":\"https:\/\/shimadzu-testing.com\/en\/#organization\",\"name\":\"Shimadzu Testing\",\"url\":\"https:\/\/shimadzu-testing.com\/en\/\",\"logo\":{\"@type\":\"ImageObject\",\"inLanguage\":\"sk-SK\",\"@id\":\"https:\/\/shimadzu-testing.com\/en\/#\/schema\/logo\/image\/\",\"url\":\"https:\/\/shimadzu-testing.com\/wp-content\/uploads\/2024\/08\/shimadzu-logo-roter-hintergrund.svg\",\"contentUrl\":\"https:\/\/shimadzu-testing.com\/wp-content\/uploads\/2024\/08\/shimadzu-logo-roter-hintergrund.svg\",\"width\":364,\"height\":100,\"caption\":\"Shimadzu Testing\"},\"image\":{\"@id\":\"https:\/\/shimadzu-testing.com\/en\/#\/schema\/logo\/image\/\"}}]}<\/script>\n<!-- \/ Yoast SEO plugin. -->","yoast_head_json":{"title":"Terms of use - Shimadzu Testing","robots":{"index":"index","follow":"follow","max-snippet":"max-snippet:-1","max-image-preview":"max-image-preview:large","max-video-preview":"max-video-preview:-1"},"canonical":"https:\/\/shimadzu-testing.com\/sk\/terms-of-use\/","twitter_card":"summary_large_image","twitter_title":"Terms of use - Shimadzu Testing","twitter_description":"Shimadzu Terms of Use 1. Agreement By accessing and using the shimadzu-testing.com website, you accept and agree to the terms of this agreement. In addition, when using this website\u2019s services, you shall be aware that posted guidelines and information can be modified or updated at any time. Any participation in this website will constitute acceptance [&hellip;]","twitter_misc":{"Predpokladan\u00fd \u010das \u010d\u00edtania":"1 min\u00fata"},"schema":{"@context":"https:\/\/schema.org","@graph":[{"@type":"WebPage","@id":"https:\/\/shimadzu-testing.com\/en\/terms-of-use\/","url":"https:\/\/shimadzu-testing.com\/en\/terms-of-use\/","name":"Terms of use - Shimadzu Testing","isPartOf":{"@id":"https:\/\/shimadzu-testing.com\/en\/#website"},"datePublished":"2023-11-10T09:54:32+00:00","dateModified":"2024-10-02T08:14:33+00:00","breadcrumb":{"@id":"https:\/\/shimadzu-testing.com\/en\/terms-of-use\/#breadcrumb"},"inLanguage":"sk-SK","potentialAction":[{"@type":"ReadAction","target":["https:\/\/shimadzu-testing.com\/en\/terms-of-use\/"]}]},{"@type":"BreadcrumbList","@id":"https:\/\/shimadzu-testing.com\/en\/terms-of-use\/#breadcrumb","itemListElement":[{"@type":"ListItem","position":1,"name":"Startseite","item":"https:\/\/shimadzu-testing.com\/"},{"@type":"ListItem","position":2,"name":"Terms of use"}]},{"@type":"WebSite","@id":"https:\/\/shimadzu-testing.com\/en\/#website","url":"https:\/\/shimadzu-testing.com\/en\/","name":"Shimadzu Testing","description":"Shimadzu Testing","publisher":{"@id":"https:\/\/shimadzu-testing.com\/en\/#organization"},"potentialAction":[{"@type":"SearchAction","target":{"@type":"EntryPoint","urlTemplate":"https:\/\/shimadzu-testing.com\/en\/?s={search_term_string}"},"query-input":{"@type":"PropertyValueSpecification","valueRequired":true,"valueName":"search_term_string"}}],"inLanguage":"sk-SK"},{"@type":"Organization","@id":"https:\/\/shimadzu-testing.com\/en\/#organization","name":"Shimadzu Testing","url":"https:\/\/shimadzu-testing.com\/en\/","logo":{"@type":"ImageObject","inLanguage":"sk-SK","@id":"https:\/\/shimadzu-testing.com\/en\/#\/schema\/logo\/image\/","url":"https:\/\/shimadzu-testing.com\/wp-content\/uploads\/2024\/08\/shimadzu-logo-roter-hintergrund.svg","contentUrl":"https:\/\/shimadzu-testing.com\/wp-content\/uploads\/2024\/08\/shimadzu-logo-roter-hintergrund.svg","width":364,"height":100,"caption":"Shimadzu Testing"},"image":{"@id":"https:\/\/shimadzu-testing.com\/en\/#\/schema\/logo\/image\/"}}]}},"_links":{"self":[{"href":"https:\/\/shimadzu-testing.com\/sk\/wp-json\/wp\/v2\/pages\/11140","targetHints":{"allow":["GET"]}}],"collection":[{"href":"https:\/\/shimadzu-testing.com\/sk\/wp-json\/wp\/v2\/pages"}],"about":[{"href":"https:\/\/shimadzu-testing.com\/sk\/wp-json\/wp\/v2\/types\/page"}],"author":[{"embeddable":true,"href":"https:\/\/shimadzu-testing.com\/sk\/wp-json\/wp\/v2\/users\/5"}],"replies":[{"embeddable":true,"href":"https:\/\/shimadzu-testing.com\/sk\/wp-json\/wp\/v2\/comments?post=11140"}],"version-history":[{"count":0,"href":"https:\/\/shimadzu-testing.com\/sk\/wp-json\/wp\/v2\/pages\/11140\/revisions"}],"wp:attachment":[{"href":"https:\/\/shimadzu-testing.com\/sk\/wp-json\/wp\/v2\/media?parent=11140"}],"curies":[{"name":"wp","href":"https:\/\/api.w.org\/{rel}","templated":true}]}}