{"id":14805,"date":"2024-09-16T10:11:59","date_gmt":"2024-09-16T08:11:41","guid":{"rendered":"https:\/\/dev.shimadzu-testing.com\/?page_id=14805"},"modified":"2025-02-05T09:57:57","modified_gmt":"2025-02-05T08:57:57","slug":"high-speed-video-camera","status":"publish","type":"page","link":"https:\/\/shimadzu-testing.com\/ro\/products\/high-speed-video-camera\/","title":{"rendered":"Camer\u0103 video de mare vitez\u0103"},"content":{"rendered":"<div data-elementor-type=\"wp-page\" data-elementor-id=\"14805\" class=\"elementor elementor-14805\" data-elementor-post-type=\"page\">\n\t\t\t\t<div class=\"elementor-element elementor-element-2ec91d2 e-flex e-con-boxed e-con e-parent\" data-id=\"2ec91d2\" data-element_type=\"container\">\n\t\t\t\t\t<div class=\"e-con-inner\">\n\t\t<div class=\"elementor-element elementor-element-8805399 e-con-full e-flex e-con e-child\" data-id=\"8805399\" data-element_type=\"container\">\n\t\t\t\t<div class=\"elementor-element elementor-element-4d8b702 elementor-widget elementor-widget-text-editor\" data-id=\"4d8b702\" data-element_type=\"widget\" data-widget_type=\"text-editor.default\">\n\t\t\t\t<div class=\"elementor-widget-container\">\n\t\t\t\t\t\t\t\t\t<h3>Prezentare general\u0103 a produsului<\/h3><h1>Camer\u0103 de mare vitez\u0103 pentru teste de inspec\u021bie cu raze X<\/h1>\t\t\t\t\t\t\t\t<\/div>\n\t\t\t\t<\/div>\n\t\t\t\t<div class=\"elementor-element elementor-element-9659a08 elementor-widget elementor-widget-text-editor\" data-id=\"9659a08\" data-element_type=\"widget\" data-widget_type=\"text-editor.default\">\n\t\t\t\t<div class=\"elementor-widget-container\">\n\t\t\t\t\t\t\t\t\t<p>\u0218tiin\u021ba \u0219i ingineria medical\u0103 au f\u0103cut progrese spectaculoase datorit\u0103 tehnologiei de vizualizare. Printre exemple se num\u0103r\u0103 inventarea microscoapelor capabile de observa\u021bii extinse ale fenomenelor care au loc \u00een domeniul microscopic, invizibile pentru ochiul uman, sistemele de inspec\u021bie cu raze X, care permit observarea imaginilor utiliz\u00e2nd lumina la lungimi de und\u0103 imperceptibile, \u0219i camerele cu infraro\u0219u.<\/p>\t\t\t\t\t\t\t\t<\/div>\n\t\t\t\t<\/div>\n\t\t\t\t<\/div>\n\t\t<div class=\"elementor-element elementor-element-f4d46a8 e-con-full e-flex e-con e-child\" data-id=\"f4d46a8\" data-element_type=\"container\">\n\t\t\t\t<div class=\"elementor-element elementor-element-e0a9a91 elementor-widget elementor-widget-template\" data-id=\"e0a9a91\" data-element_type=\"widget\" data-widget_type=\"template.default\">\n\t\t\t\t<div class=\"elementor-widget-container\">\n\t\t\t\t\t\t\t<div class=\"elementor-template\">\n\t\t\t\t\t<div data-elementor-type=\"container\" data-elementor-id=\"17021\" class=\"elementor elementor-17021\" data-elementor-post-type=\"elementor_library\">\n\t\t\t\t<div class=\"elementor-element elementor-element-2def8e87 e-flex e-con-boxed e-con e-parent\" data-id=\"2def8e87\" data-element_type=\"container\">\n\t\t\t\t\t<div class=\"e-con-inner\">\n\t\t<a class=\"elementor-element elementor-element-bf0f31e e-con-full uebersicht-container e-flex e-con e-child\" data-id=\"bf0f31e\" data-element_type=\"container\" data-settings=\"{&quot;background_background&quot;:&quot;classic&quot;}\" href=\"\/ro\/products\/high-speed-video-camera\/hyper-vision-hpv-x3\/\">\n\t\t\t\t<div class=\"elementor-element elementor-element-8a2295e elementor-widget__width-inherit elementor-widget elementor-widget-image\" data-id=\"8a2295e\" data-element_type=\"widget\" data-widget_type=\"image.default\">\n\t\t\t\t<div class=\"elementor-widget-container\">\n\t\t\t\t\t\t\t\t\t\t\t\t\t\t\t<img fetchpriority=\"high\" decoding=\"async\" width=\"506\" height=\"312\" src=\"https:\/\/shimadzu-testing.com\/wp-content\/uploads\/2024\/09\/produkt-uebersicht-item-highspeedkamera-x3.png\" class=\"attachment-full size-full wp-image-22397\" alt=\"\" \/>\t\t\t\t\t\t\t\t\t\t\t\t\t\t\t<\/div>\n\t\t\t\t<\/div>\n\t\t\t\t<div class=\"elementor-element elementor-element-c3e0cb5 elementor-widget__width-inherit elementor-widget elementor-widget-heading\" data-id=\"c3e0cb5\" data-element_type=\"widget\" data-widget_type=\"heading.default\">\n\t\t\t\t<div class=\"elementor-widget-container\">\n\t\t\t\t\t<h3 class=\"elementor-heading-title elementor-size-default\">Camer\u0103 video de mare vitez\u0103<\/h3>\t\t\t\t<\/div>\n\t\t\t\t<\/div>\n\t\t\t\t<div class=\"elementor-element elementor-element-4998081 kein-strich-h2 elementor-widget elementor-widget-heading\" data-id=\"4998081\" data-element_type=\"widget\" data-widget_type=\"heading.default\">\n\t\t\t\t<div class=\"elementor-widget-container\">\n\t\t\t\t\t<h2 class=\"elementor-heading-title elementor-size-default\">Hyper Vision HPV-X3<\/h2>\t\t\t\t<\/div>\n\t\t\t\t<\/div>\n\t\t\t\t<div class=\"elementor-element elementor-element-551f5f6 elementor-widget__width-inherit elementor-widget elementor-widget-text-editor\" data-id=\"551f5f6\" data-element_type=\"widget\" data-widget_type=\"text-editor.default\">\n\t\t\t\t<div class=\"elementor-widget-container\">\n\t\t\t\t\t\t\t\t\t<table><tbody><tr><td>Tip de test<\/td><td>20 de milioane de cadre\/secund\u0103<br \/>la 300.000 de pixeli<\/td><\/tr><tr><td>Tip<\/td><td>Dispozitiv mobil<\/td><\/tr><\/tbody><\/table>\t\t\t\t\t\t\t\t<\/div>\n\t\t\t\t<\/div>\n\t\t\t\t<\/a>\n\t\t<a class=\"elementor-element elementor-element-e182821 e-con-full uebersicht-container e-flex e-con e-child\" data-id=\"e182821\" data-element_type=\"container\" data-settings=\"{&quot;background_background&quot;:&quot;classic&quot;}\" href=\"\/ro\/products\/high-speed-video-camera\/high-speed-video-camera\/\">\n\t\t\t\t<div class=\"elementor-element elementor-element-83727c1 elementor-widget__width-inherit elementor-widget elementor-widget-image\" data-id=\"83727c1\" data-element_type=\"widget\" data-widget_type=\"image.default\">\n\t\t\t\t<div class=\"elementor-widget-container\">\n\t\t\t\t\t\t\t\t\t\t\t\t\t\t\t<img decoding=\"async\" width=\"506\" height=\"312\" src=\"https:\/\/shimadzu-testing.com\/wp-content\/uploads\/2024\/09\/product-overview-high-speed-video-camera.png\" class=\"attachment-full size-full wp-image-16408\" alt=\"Prezentare general\u0103 a produsului Camer\u0103 video de mare vitez\u0103\" \/>\t\t\t\t\t\t\t\t\t\t\t\t\t\t\t<\/div>\n\t\t\t\t<\/div>\n\t\t\t\t<div class=\"elementor-element elementor-element-9967fc6 elementor-widget__width-inherit elementor-widget elementor-widget-heading\" data-id=\"9967fc6\" data-element_type=\"widget\" data-widget_type=\"heading.default\">\n\t\t\t\t<div class=\"elementor-widget-container\">\n\t\t\t\t\t<h3 class=\"elementor-heading-title elementor-size-default\">Camer\u0103 video de mare vitez\u0103<\/h3>\t\t\t\t<\/div>\n\t\t\t\t<\/div>\n\t\t\t\t<div class=\"elementor-element elementor-element-2a31edf kein-strich-h2 elementor-widget elementor-widget-heading\" data-id=\"2a31edf\" data-element_type=\"widget\" data-widget_type=\"heading.default\">\n\t\t\t\t<div class=\"elementor-widget-container\">\n\t\t\t\t\t<h2 class=\"elementor-heading-title elementor-size-default\">Hyper Vision HPV-X2<\/h2>\t\t\t\t<\/div>\n\t\t\t\t<\/div>\n\t\t\t\t<div class=\"elementor-element elementor-element-a0c7bc8 elementor-widget__width-inherit elementor-widget elementor-widget-text-editor\" data-id=\"a0c7bc8\" data-element_type=\"widget\" data-widget_type=\"text-editor.default\">\n\t\t\t\t<div class=\"elementor-widget-container\">\n\t\t\t\t\t\t\t\t\t<table><tbody><tr><td>Tip de test<\/td><td>10 milioane de cadre\/secund\u0103<\/td><\/tr><tr><td>Tip<\/td><td>Dispozitiv mobil<\/td><\/tr><\/tbody><\/table>\t\t\t\t\t\t\t\t<\/div>\n\t\t\t\t<\/div>\n\t\t\t\t<\/a>\n\t\t\t\t\t<\/div>\n\t\t\t\t<\/div>\n\t\t\t\t<\/div>\n\t\t\t\t<\/div>\n\t\t\t\t\t\t<\/div>\n\t\t\t\t<\/div>\n\t\t\t\t<\/div>\n\t\t<div class=\"elementor-element elementor-element-1b6a386 e-con-full e-flex e-con e-child\" data-id=\"1b6a386\" data-element_type=\"container\">\n\t\t\t\t<\/div>\n\t\t\t\t\t<\/div>\n\t\t\t\t<\/div>\n\t\t<div class=\"elementor-element elementor-element-3bf4efd hg-grau-punkte elementor-hidden-desktop elementor-hidden-tablet elementor-hidden-mobile e-flex e-con-boxed e-con e-parent\" data-id=\"3bf4efd\" data-element_type=\"container\" data-settings=\"{&quot;background_background&quot;:&quot;classic&quot;}\">\n\t\t\t\t\t<div class=\"e-con-inner\">\n\t\t\t\t<div class=\"elementor-element elementor-element-3f09380 elementor-widget elementor-widget-heading\" data-id=\"3f09380\" data-element_type=\"widget\" data-widget_type=\"heading.default\">\n\t\t\t\t<div class=\"elementor-widget-container\">\n\t\t\t\t\t<h2 class=\"elementor-heading-title elementor-size-default\">Lorem<\/h2>\t\t\t\t<\/div>\n\t\t\t\t<\/div>\n\t\t\t\t<div class=\"elementor-element elementor-element-1682423 elementor-widget elementor-widget-text-editor\" data-id=\"1682423\" data-element_type=\"widget\" data-widget_type=\"text-editor.default\">\n\t\t\t\t<div class=\"elementor-widget-container\">\n\t\t\t\t\t\t\t\t\t<p>Lorem<\/p>\t\t\t\t\t\t\t\t<\/div>\n\t\t\t\t<\/div>\n\t\t\t\t<div class=\"elementor-element elementor-element-de07d42 elementor-widget elementor-widget-button\" data-id=\"de07d42\" data-element_type=\"widget\" data-widget_type=\"button.default\">\n\t\t\t\t<div class=\"elementor-widget-container\">\n\t\t\t\t\t\t\t\t\t<div class=\"elementor-button-wrapper\">\n\t\t\t\t\t<a class=\"elementor-button elementor-button-link elementor-size-sm\" href=\"#\">\n\t\t\t\t\t\t<span class=\"elementor-button-content-wrapper\">\n\t\t\t\t\t\t\t\t\t<span class=\"elementor-button-text\">Aplica\u021bii \u0219i sfaturi<\/span>\n\t\t\t\t\t<\/span>\n\t\t\t\t\t<\/a>\n\t\t\t\t<\/div>\n\t\t\t\t\t\t\t\t<\/div>\n\t\t\t\t<\/div>\n\t\t\t\t<div class=\"elementor-element elementor-element-af5b31e elementor-widget elementor-widget-button\" data-id=\"af5b31e\" data-element_type=\"widget\" data-widget_type=\"button.default\">\n\t\t\t\t<div class=\"elementor-widget-container\">\n\t\t\t\t\t\t\t\t\t<div class=\"elementor-button-wrapper\">\n\t\t\t\t\t<a class=\"elementor-button elementor-button-link elementor-size-sm\" href=\"#\">\n\t\t\t\t\t\t<span class=\"elementor-button-content-wrapper\">\n\t\t\t\t\t\t\t\t\t<span class=\"elementor-button-text\">Kalibrierung &amp; Normen<\/span>\n\t\t\t\t\t<\/span>\n\t\t\t\t\t<\/a>\n\t\t\t\t<\/div>\n\t\t\t\t\t\t\t\t<\/div>\n\t\t\t\t<\/div>\n\t\t\t\t<div class=\"elementor-element elementor-element-e174b7a elementor-widget elementor-widget-button\" data-id=\"e174b7a\" data-element_type=\"widget\" data-widget_type=\"button.default\">\n\t\t\t\t<div class=\"elementor-widget-container\">\n\t\t\t\t\t\t\t\t\t<div class=\"elementor-button-wrapper\">\n\t\t\t\t\t<a class=\"elementor-button elementor-button-link elementor-size-sm\" href=\"#\">\n\t\t\t\t\t\t<span class=\"elementor-button-content-wrapper\">\n\t\t\t\t\t\t\t\t\t<span class=\"elementor-button-text\">\u00centreb\u0103ri frecvente<\/span>\n\t\t\t\t\t<\/span>\n\t\t\t\t\t<\/a>\n\t\t\t\t<\/div>\n\t\t\t\t\t\t\t\t<\/div>\n\t\t\t\t<\/div>\n\t\t\t\t\t<\/div>\n\t\t\t\t<\/div>\n\t\t<div class=\"elementor-element elementor-element-7893156 elementor-hidden-desktop elementor-hidden-tablet elementor-hidden-mobile e-flex e-con-boxed e-con e-parent\" data-id=\"7893156\" data-element_type=\"container\">\n\t\t\t\t\t<div class=\"e-con-inner\">\n\t\t\t\t<div class=\"elementor-element elementor-element-ea29f27 elementor-widget elementor-widget-heading\" data-id=\"ea29f27\" data-element_type=\"widget\" data-widget_type=\"heading.default\">\n\t\t\t\t<div class=\"elementor-widget-container\">\n\t\t\t\t\t<h2 class=\"elementor-heading-title elementor-size-default\">Lorem<\/h2>\t\t\t\t<\/div>\n\t\t\t\t<\/div>\n\t\t\t\t<div class=\"elementor-element elementor-element-a18e235 elementor-widget elementor-widget-n-accordion\" data-id=\"a18e235\" data-element_type=\"widget\" data-settings=\"{&quot;n_accordion_animation_duration&quot;:{&quot;unit&quot;:&quot;ms&quot;,&quot;size&quot;:300,&quot;sizes&quot;:[]},&quot;default_state&quot;:&quot;expanded&quot;,&quot;max_items_expended&quot;:&quot;one&quot;}\" data-widget_type=\"nested-accordion.default\">\n\t\t\t\t<div class=\"elementor-widget-container\">\n\t\t\t\t\t\t\t<div class=\"e-n-accordion\" aria-label=\"Acordeon. Deschide\u021bi linkurile cu Enter sau Space, \u00eenchide\u021bi-le cu Escape \u0219i naviga\u021bi cu tastele s\u0103geat\u0103\">\n\t\t\t\t\t\t<details id=\"e-n-accordion-item-1690\" class=\"e-n-accordion-item\" open>\n\t\t\t\t<summary class=\"e-n-accordion-item-title\" data-accordion-index=\"1\" tabindex=\"0\" aria-expanded=\"true\" aria-controls=\"e-n-accordion-item-1690\" >\n\t\t\t\t\t<span class='e-n-accordion-item-title-header'><div class=\"e-n-accordion-item-title-text\"> Lorem <\/div><\/span>\n\t\t\t\t\t\t\t\t\t<\/summary>\n\t\t\t\t<div role=\"region\" aria-labelledby=\"e-n-accordion-item-1690\" class=\"elementor-element elementor-element-f9f8420 e-con-full e-flex e-con e-child\" data-id=\"f9f8420\" data-element_type=\"container\">\n\t\t<div role=\"region\" aria-labelledby=\"e-n-accordion-item-1690\" class=\"elementor-element elementor-element-c6b1693 e-flex e-con-boxed e-con e-child\" data-id=\"c6b1693\" data-element_type=\"container\">\n\t\t\t\t\t<div class=\"e-con-inner\">\n\t\t\t\t<div class=\"elementor-element elementor-element-d9e7568 elementor-widget elementor-widget-text-editor\" data-id=\"d9e7568\" data-element_type=\"widget\" data-widget_type=\"text-editor.default\">\n\t\t\t\t<div class=\"elementor-widget-container\">\n\t\t\t\t\t\t\t\t\t<p>Lorem<\/p>\t\t\t\t\t\t\t\t<\/div>\n\t\t\t\t<\/div>\n\t\t\t\t\t<\/div>\n\t\t\t\t<\/div>\n\t\t\t\t<\/div>\n\t\t\t\t\t<\/details>\n\t\t\t\t\t<\/div>\n\t\t\t\t\t\t<\/div>\n\t\t\t\t<\/div>\n\t\t\t\t\t<\/div>\n\t\t\t\t<\/div>\n\t\t\t\t<\/div>","protected":false},"excerpt":{"rendered":"<p>Prezentare general\u0103 a produsului Camer\u0103 de mare vitez\u0103 pentru teste de inspec\u021bie cu raze X \u0218tiin\u021ba \u0219i ingineria medical\u0103 au f\u0103cut progrese spectaculoase datorit\u0103 tehnologiei de vizualizare. Exemplele includ inventarea microscoapelor capabile de observa\u021bii extinse ale fenomenelor care au loc \u00een domeniul microscopic, invizibile pentru ochiul uman, sistemele de inspec\u021bie cu raze X, care permit observarea imaginilor utiliz\u00e2nd lumina la niveluri imperceptibile [...]<\/p>","protected":false},"author":1,"featured_media":0,"parent":1140,"menu_order":4,"comment_status":"closed","ping_status":"closed","template":"","meta":{"footnotes":""},"class_list":["post-14805","page","type-page","status-publish","hentry"],"yoast_head":"<!-- This site is optimized with the Yoast SEO plugin v25.4 - https:\/\/yoast.com\/wordpress\/plugins\/seo\/ -->\n<title>High-Speed Video Camera | Ultra High-Speed Imaging<\/title>\n<meta name=\"description\" content=\"Explore Shimadzu&#039;s high-speed video cameras, including the HPV-X2, capturing up to 10 million frames per second for detailed analysis of rapid phenomena.\" \/>\n<meta name=\"robots\" content=\"index, follow, max-snippet:-1, max-image-preview:large, max-video-preview:-1\" \/>\n<link rel=\"canonical\" href=\"https:\/\/shimadzu-testing.com\/ro\/products\/high-speed-video-camera\/\" \/>\n<meta name=\"twitter:card\" content=\"summary_large_image\" \/>\n<meta name=\"twitter:title\" content=\"High-Speed Video Camera | Ultra High-Speed Imaging\" \/>\n<meta name=\"twitter:description\" content=\"Explore Shimadzu&#039;s high-speed video cameras, including the HPV-X2, capturing up to 10 million frames per second for detailed analysis of rapid phenomena.\" \/>\n<script type=\"application\/ld+json\" class=\"yoast-schema-graph\">{\"@context\":\"https:\/\/schema.org\",\"@graph\":[{\"@type\":\"WebPage\",\"@id\":\"https:\/\/shimadzu-testing.com\/de\/produkte\/hochgeschwindigkeits-videokamera\/\",\"url\":\"https:\/\/shimadzu-testing.com\/de\/produkte\/hochgeschwindigkeits-videokamera\/\",\"name\":\"High-Speed Video Camera | Ultra High-Speed Imaging\",\"isPartOf\":{\"@id\":\"https:\/\/shimadzu-testing.com\/en\/#website\"},\"datePublished\":\"2024-09-16T08:11:41+00:00\",\"dateModified\":\"2025-02-05T08:57:57+00:00\",\"description\":\"Explore Shimadzu's high-speed video cameras, including the HPV-X2, capturing up to 10 million frames per second for detailed analysis of rapid phenomena.\",\"breadcrumb\":{\"@id\":\"https:\/\/shimadzu-testing.com\/de\/produkte\/hochgeschwindigkeits-videokamera\/#breadcrumb\"},\"inLanguage\":\"ro-RO\",\"potentialAction\":[{\"@type\":\"ReadAction\",\"target\":[\"https:\/\/shimadzu-testing.com\/de\/produkte\/hochgeschwindigkeits-videokamera\/\"]}]},{\"@type\":\"BreadcrumbList\",\"@id\":\"https:\/\/shimadzu-testing.com\/de\/produkte\/hochgeschwindigkeits-videokamera\/#breadcrumb\",\"itemListElement\":[{\"@type\":\"ListItem\",\"position\":1,\"name\":\"Startseite\",\"item\":\"https:\/\/shimadzu-testing.com\/\"},{\"@type\":\"ListItem\",\"position\":2,\"name\":\"Products\",\"item\":\"https:\/\/shimadzu-testing.com\/en\/products\/\"},{\"@type\":\"ListItem\",\"position\":3,\"name\":\"High-speed Video Camera\"}]},{\"@type\":\"WebSite\",\"@id\":\"https:\/\/shimadzu-testing.com\/en\/#website\",\"url\":\"https:\/\/shimadzu-testing.com\/en\/\",\"name\":\"Shimadzu Testing\",\"description\":\"Shimadzu Testing\",\"publisher\":{\"@id\":\"https:\/\/shimadzu-testing.com\/en\/#organization\"},\"potentialAction\":[{\"@type\":\"SearchAction\",\"target\":{\"@type\":\"EntryPoint\",\"urlTemplate\":\"https:\/\/shimadzu-testing.com\/en\/?s={search_term_string}\"},\"query-input\":{\"@type\":\"PropertyValueSpecification\",\"valueRequired\":true,\"valueName\":\"search_term_string\"}}],\"inLanguage\":\"ro-RO\"},{\"@type\":\"Organization\",\"@id\":\"https:\/\/shimadzu-testing.com\/en\/#organization\",\"name\":\"Shimadzu Testing\",\"url\":\"https:\/\/shimadzu-testing.com\/en\/\",\"logo\":{\"@type\":\"ImageObject\",\"inLanguage\":\"ro-RO\",\"@id\":\"https:\/\/shimadzu-testing.com\/en\/#\/schema\/logo\/image\/\",\"url\":\"https:\/\/shimadzu-testing.com\/wp-content\/uploads\/2024\/08\/shimadzu-logo-roter-hintergrund.svg\",\"contentUrl\":\"https:\/\/shimadzu-testing.com\/wp-content\/uploads\/2024\/08\/shimadzu-logo-roter-hintergrund.svg\",\"width\":364,\"height\":100,\"caption\":\"Shimadzu Testing\"},\"image\":{\"@id\":\"https:\/\/shimadzu-testing.com\/en\/#\/schema\/logo\/image\/\"}}]}<\/script>\n<!-- \/ Yoast SEO plugin. -->","yoast_head_json":{"title":"High-Speed Video Camera | Ultra High-Speed Imaging","description":"Explore Shimadzu's high-speed video cameras, including the HPV-X2, capturing up to 10 million frames per second for detailed analysis of rapid phenomena.","robots":{"index":"index","follow":"follow","max-snippet":"max-snippet:-1","max-image-preview":"max-image-preview:large","max-video-preview":"max-video-preview:-1"},"canonical":"https:\/\/shimadzu-testing.com\/ro\/products\/high-speed-video-camera\/","twitter_card":"summary_large_image","twitter_title":"High-Speed Video Camera | Ultra High-Speed Imaging","twitter_description":"Explore Shimadzu's high-speed video cameras, including the HPV-X2, capturing up to 10 million frames per second for detailed analysis of rapid phenomena.","schema":{"@context":"https:\/\/schema.org","@graph":[{"@type":"WebPage","@id":"https:\/\/shimadzu-testing.com\/de\/produkte\/hochgeschwindigkeits-videokamera\/","url":"https:\/\/shimadzu-testing.com\/de\/produkte\/hochgeschwindigkeits-videokamera\/","name":"High-Speed Video Camera | Ultra High-Speed Imaging","isPartOf":{"@id":"https:\/\/shimadzu-testing.com\/en\/#website"},"datePublished":"2024-09-16T08:11:41+00:00","dateModified":"2025-02-05T08:57:57+00:00","description":"Explore Shimadzu's high-speed video cameras, including the HPV-X2, capturing up to 10 million frames per second for detailed analysis of rapid phenomena.","breadcrumb":{"@id":"https:\/\/shimadzu-testing.com\/de\/produkte\/hochgeschwindigkeits-videokamera\/#breadcrumb"},"inLanguage":"ro-RO","potentialAction":[{"@type":"ReadAction","target":["https:\/\/shimadzu-testing.com\/de\/produkte\/hochgeschwindigkeits-videokamera\/"]}]},{"@type":"BreadcrumbList","@id":"https:\/\/shimadzu-testing.com\/de\/produkte\/hochgeschwindigkeits-videokamera\/#breadcrumb","itemListElement":[{"@type":"ListItem","position":1,"name":"Startseite","item":"https:\/\/shimadzu-testing.com\/"},{"@type":"ListItem","position":2,"name":"Products","item":"https:\/\/shimadzu-testing.com\/en\/products\/"},{"@type":"ListItem","position":3,"name":"High-speed Video Camera"}]},{"@type":"WebSite","@id":"https:\/\/shimadzu-testing.com\/en\/#website","url":"https:\/\/shimadzu-testing.com\/en\/","name":"Shimadzu Testing","description":"Shimadzu Testing","publisher":{"@id":"https:\/\/shimadzu-testing.com\/en\/#organization"},"potentialAction":[{"@type":"SearchAction","target":{"@type":"EntryPoint","urlTemplate":"https:\/\/shimadzu-testing.com\/en\/?s={search_term_string}"},"query-input":{"@type":"PropertyValueSpecification","valueRequired":true,"valueName":"search_term_string"}}],"inLanguage":"ro-RO"},{"@type":"Organization","@id":"https:\/\/shimadzu-testing.com\/en\/#organization","name":"Shimadzu Testing","url":"https:\/\/shimadzu-testing.com\/en\/","logo":{"@type":"ImageObject","inLanguage":"ro-RO","@id":"https:\/\/shimadzu-testing.com\/en\/#\/schema\/logo\/image\/","url":"https:\/\/shimadzu-testing.com\/wp-content\/uploads\/2024\/08\/shimadzu-logo-roter-hintergrund.svg","contentUrl":"https:\/\/shimadzu-testing.com\/wp-content\/uploads\/2024\/08\/shimadzu-logo-roter-hintergrund.svg","width":364,"height":100,"caption":"Shimadzu Testing"},"image":{"@id":"https:\/\/shimadzu-testing.com\/en\/#\/schema\/logo\/image\/"}}]}},"_links":{"self":[{"href":"https:\/\/shimadzu-testing.com\/ro\/wp-json\/wp\/v2\/pages\/14805","targetHints":{"allow":["GET"]}}],"collection":[{"href":"https:\/\/shimadzu-testing.com\/ro\/wp-json\/wp\/v2\/pages"}],"about":[{"href":"https:\/\/shimadzu-testing.com\/ro\/wp-json\/wp\/v2\/types\/page"}],"author":[{"embeddable":true,"href":"https:\/\/shimadzu-testing.com\/ro\/wp-json\/wp\/v2\/users\/1"}],"replies":[{"embeddable":true,"href":"https:\/\/shimadzu-testing.com\/ro\/wp-json\/wp\/v2\/comments?post=14805"}],"version-history":[{"count":0,"href":"https:\/\/shimadzu-testing.com\/ro\/wp-json\/wp\/v2\/pages\/14805\/revisions"}],"up":[{"embeddable":true,"href":"https:\/\/shimadzu-testing.com\/ro\/wp-json\/wp\/v2\/pages\/1140"}],"wp:attachment":[{"href":"https:\/\/shimadzu-testing.com\/ro\/wp-json\/wp\/v2\/media?parent=14805"}],"curies":[{"name":"wp","href":"https:\/\/api.w.org\/{rel}","templated":true}]}}