{"id":11140,"date":"2023-11-10T10:54:25","date_gmt":"2023-11-10T09:54:32","guid":{"rendered":"https:\/\/dev.rockster.at\/?page_id=11140"},"modified":"2024-10-02T10:14:33","modified_gmt":"2024-10-02T08:14:33","slug":"terms-of-use","status":"publish","type":"page","link":"https:\/\/shimadzu-testing.com\/ro\/terms-of-use\/","title":{"rendered":"Termeni de utilizare"},"content":{"rendered":"<div data-elementor-type=\"wp-page\" data-elementor-id=\"11140\" class=\"elementor elementor-11140\" data-elementor-post-type=\"page\">\n\t\t\t\t<div class=\"elementor-element elementor-element-c4d2998 e-flex e-con-boxed e-con e-parent\" data-id=\"c4d2998\" data-element_type=\"container\">\n\t\t\t\t\t<div class=\"e-con-inner\">\n\t\t\t\t<div class=\"elementor-element elementor-element-61dc192 elementor-widget elementor-widget-text-editor\" data-id=\"61dc192\" data-element_type=\"widget\" data-widget_type=\"text-editor.default\">\n\t\t\t\t<div class=\"elementor-widget-container\">\n\t\t\t\t\t\t\t\t\t<h3>Shimadzu<\/h3><h1>Termeni de utilizare<\/h1>\t\t\t\t\t\t\t\t<\/div>\n\t\t\t\t<\/div>\n\t\t\t\t\t<\/div>\n\t\t\t\t<\/div>\n\t\t<div class=\"elementor-element elementor-element-a3fbc25 e-flex e-con-boxed e-con e-parent\" data-id=\"a3fbc25\" data-element_type=\"container\">\n\t\t\t\t\t<div class=\"e-con-inner\">\n\t\t\t\t<div class=\"elementor-element elementor-element-26b51ec kein-strich-h2 elementor-widget elementor-widget-text-editor\" data-id=\"26b51ec\" data-element_type=\"widget\" data-widget_type=\"text-editor.default\">\n\t\t\t\t<div class=\"elementor-widget-container\">\n\t\t\t\t\t\t\t\t\t<h2>1. Acord<\/h2><p>Prin accesarea \u0219i utilizarea site-ului web shimadzu-testing.com, accepta\u021bi \u0219i sunte\u021bi de acord cu termenii prezentului acord. \u00cen plus, atunci c\u00e2nd utiliza\u021bi serviciile acestui site, trebuie s\u0103 fi\u021bi con\u0219tient de faptul c\u0103 orient\u0103rile \u0219i informa\u021biile postate pot fi modificate sau actualizate \u00een orice moment.<br \/><br \/>Orice participare la acest site va constitui acceptarea prezentului acord. Dac\u0103 nu sunte\u021bi de acord cu cele de mai sus, v\u0103 rug\u0103m s\u0103 nu utiliza\u021bi www.shimadzu-testing.com.<br \/><br \/>Con\u021binutul furnizat pe shimadzu-testing.com este doar \u00een scop informativ. Shimadzu Handelsgesellschaft m.b.H. nu este responsabil\u0103 \u0219i nu poate garanta corectitudinea \u0219i disponibilitatea con\u021binutului.<\/p>\t\t\t\t\t\t\t\t<\/div>\n\t\t\t\t<\/div>\n\t\t\t\t<div class=\"elementor-element elementor-element-9a25ea1 kein-strich-h2 elementor-widget elementor-widget-text-editor\" data-id=\"9a25ea1\" data-element_type=\"widget\" data-widget_type=\"text-editor.default\">\n\t\t\t\t<div class=\"elementor-widget-container\">\n\t\t\t\t\t\t\t\t\t<h2>2. Service<\/h2><p>a.) Site-ul web Shimadzu Handelsgesellschaft m.b.H. ofer\u0103 diverse informa\u021bii despre produse \u0219i aplica\u021bii pentru citire online \u0219i desc\u0103rcare. De\u0219i lucr\u0103m cu mare aten\u021bie la site-ul nostru web, nu v\u0103 putem garanta corectitudinea \u0219i exhaustivitatea deplin\u0103.\u00a0<br \/><br \/>b.) Avem dreptul de a modifica \u0219i de a face complet\u0103ri la informa\u021biile furnizate. De asemenea, nu putem garanta disponibilitatea nelimitat\u0103 a site-ului nostru din cauza unor posibile probleme ale serverului.<br \/><br \/>c.) Specifica\u021biile tehnice sau descrierile generale ale produselor noastre pot con\u021bine erori. De asemenea, nu toate produsele sunt disponibile \u00een toate \u021b\u0103rile. V\u0103 recomand\u0103m s\u0103 ne contacta\u021bi dac\u0103 sunte\u021bi interesat de produsele noastre.<br \/><br \/>d.) Avem dreptul de a v\u0103 bloca accesul la acest site Shimadzu dac\u0103 \u00eenc\u0103lca\u021bi Termenii no\u0219tri de utilizare.<br \/><br \/>e.) Shimadzu-testing.com con\u021bine linkuri c\u0103tre site-uri externe ale unor ter\u021be p\u0103r\u021bi (hiperlinkuri). Shimadzu Handelsgesellschaft m.b.H. nu \u00ee\u0219i asum\u0103 nicio responsabilitate pentru con\u021binutul site-urilor web ale ter\u021bilor.\u00a0<\/p>\t\t\t\t\t\t\t\t<\/div>\n\t\t\t\t<\/div>\n\t\t\t\t<div class=\"elementor-element elementor-element-cc6eaa6 kein-strich-h2 elementor-widget elementor-widget-text-editor\" data-id=\"cc6eaa6\" data-element_type=\"widget\" data-widget_type=\"text-editor.default\">\n\t\t\t\t<div class=\"elementor-widget-container\">\n\t\t\t\t\t\t\t\t\t<h2>3. Drepturile de autor<\/h2><p>a.) Shimadzu Handelsgesellschaft m.b.H. \u0219i partenerii \u0219i licen\u021biatorii s\u0103i sunt titulari ai tuturor drepturilor (drepturi de autor, brevete, nume de marc\u0103, drepturi de utilizare etc.) referitoare la site-ul web shimadzu-testing.com, inclusiv con\u021binutul acestuia \u0219i rezultatele generate sau afi\u0219ate de instrumentele de prezentare oferite - \u00een toate formatele de proiectare (date, aspect, text surs\u0103, software, con\u021binut, func\u021bionalitate, sunet, liste de linkuri, baze de date, imagini animate etc.).<br \/><br \/>b.) Utilizatorul nu poate modifica, prelucra sau traduce, integral sau par\u021bial, site-ul web shimadzu-testing.com \u0219i con\u021binutul acestuia sau rezultatele generate sau afi\u0219ate cu ajutorul instrumentelor de prezentare oferite f\u0103r\u0103 acordul scris al Shimadzu Handelsgesellschaft m.b.H.<br \/><br \/>c.) Reproducerea paginilor, a textelor \u0219i\/sau a articolelor individuale nu este permis\u0103 dec\u00e2t dac\u0103 acestea sunt reproduse \u00een \u00eentregime, f\u0103r\u0103 nicio modificare a con\u021binutului sau ad\u0103ugare de comentarii. Excep\u021bie de la aceast\u0103 cerin\u021b\u0103 fac citatele marcate ca atare \u0219i \u00eenso\u021bite de o trimitere la sursa lor.<\/p>\t\t\t\t\t\t\t\t<\/div>\n\t\t\t\t<\/div>\n\t\t\t\t<div class=\"elementor-element elementor-element-3e204a1 kein-strich-h2 elementor-widget elementor-widget-text-editor\" data-id=\"3e204a1\" data-element_type=\"widget\" data-widget_type=\"text-editor.default\">\n\t\t\t\t<div class=\"elementor-widget-container\">\n\t\t\t\t\t\t\t\t\t<h2>4. Politica de confiden\u021bialitate<\/h2><p>Shimadzu Handelsgesellschaft m.b.H. ia \u00een serios securitatea datelor, fapt pentru care avem o politic\u0103 de confiden\u021bialitate, care descrie modul \u00een care Shimadzu utilizeaz\u0103 \u0219i protejeaz\u0103 datele dumneavoastr\u0103. Pentru mai multe informa\u021bii, v\u0103 rug\u0103m s\u0103 vizita\u021bi politica noastr\u0103 de confiden\u021bialitate:<br \/><a href=\"\/ro\/privacy-policy\/\">Politica de confiden\u021bialitate<\/a><\/p>\t\t\t\t\t\t\t\t<\/div>\n\t\t\t\t<\/div>\n\t\t\t\t<div class=\"elementor-element elementor-element-1660d02 kein-strich-h2 email-link elementor-widget elementor-widget-text-editor\" data-id=\"1660d02\" data-element_type=\"widget\" data-widget_type=\"text-editor.default\">\n\t\t\t\t<div class=\"elementor-widget-container\">\n\t\t\t\t\t\t\t\t\t<p>Utilizarea acestui site web este supus\u0103 legisla\u021biei austriece \u0219i europene.<br \/><br \/><strong>Shimadzu Handelsgesellschaft m.b.H. \u00a0<br \/><br \/><\/strong>Laaer Strasse 7-9<br \/>A-2100 Korneuburg<br \/><br \/>Tel.: \u00a0<a href=\"tel:+432262626010\" data-no-translation=\"\">+43 2262 62601-0<\/a><br \/>Fax: +43 2262 62601-3<br \/>Mail:\u00a0<a href=\"m&#97;&#x69;&#x6c;&#x74;o&#58;&#x6f;&#x66;&#x66;i&#99;&#x65;&#x40;&#x73;h&#105;&#x6d;&#x61;&#x64;z&#117;&#x2e;&#x61;&#x74;\" data-no-translation=\"\">&#x6f;&#x66;&#x66;&#x69;&#x63;&#x65;&#x40;&#x73;&#x68;&#x69;&#x6d;&#x61;&#x64;&#x7a;&#x75;&#x2e;&#x61;&#x74;<\/a><\/p>\t\t\t\t\t\t\t\t<\/div>\n\t\t\t\t<\/div>\n\t\t\t\t\t<\/div>\n\t\t\t\t<\/div>\n\t\t\t\t<\/div>","protected":false},"excerpt":{"rendered":"<p>Shimadzu Terms of Use 1. Agreement By accessing and using the shimadzu-testing.com website, you accept and agree to the terms of this agreement. In addition, when using this website\u2019s services, you shall be aware that posted guidelines and information can be modified or updated at any time. Any participation in this website will constitute acceptance [&hellip;]<\/p>","protected":false},"author":5,"featured_media":0,"parent":0,"menu_order":7,"comment_status":"closed","ping_status":"closed","template":"","meta":{"footnotes":""},"class_list":["post-11140","page","type-page","status-publish","hentry"],"yoast_head":"<!-- This site is optimized with the Yoast SEO plugin v25.4 - https:\/\/yoast.com\/wordpress\/plugins\/seo\/ -->\n<title>Terms of use - Shimadzu Testing<\/title>\n<meta name=\"robots\" content=\"index, follow, max-snippet:-1, max-image-preview:large, max-video-preview:-1\" \/>\n<link rel=\"canonical\" href=\"https:\/\/shimadzu-testing.com\/ro\/terms-of-use\/\" \/>\n<meta name=\"twitter:card\" content=\"summary_large_image\" \/>\n<meta name=\"twitter:title\" content=\"Terms of use - Shimadzu Testing\" \/>\n<meta name=\"twitter:description\" content=\"Shimadzu Terms of Use 1. Agreement By accessing and using the shimadzu-testing.com website, you accept and agree to the terms of this agreement. In addition, when using this website\u2019s services, you shall be aware that posted guidelines and information can be modified or updated at any time. Any participation in this website will constitute acceptance [&hellip;]\" \/>\n<meta name=\"twitter:label1\" content=\"Timp estimat pentru citire\" \/>\n\t<meta name=\"twitter:data1\" content=\"1 minut\" \/>\n<script type=\"application\/ld+json\" class=\"yoast-schema-graph\">{\"@context\":\"https:\/\/schema.org\",\"@graph\":[{\"@type\":\"WebPage\",\"@id\":\"https:\/\/shimadzu-testing.com\/en\/terms-of-use\/\",\"url\":\"https:\/\/shimadzu-testing.com\/en\/terms-of-use\/\",\"name\":\"Terms of use - Shimadzu Testing\",\"isPartOf\":{\"@id\":\"https:\/\/shimadzu-testing.com\/en\/#website\"},\"datePublished\":\"2023-11-10T09:54:32+00:00\",\"dateModified\":\"2024-10-02T08:14:33+00:00\",\"breadcrumb\":{\"@id\":\"https:\/\/shimadzu-testing.com\/en\/terms-of-use\/#breadcrumb\"},\"inLanguage\":\"ro-RO\",\"potentialAction\":[{\"@type\":\"ReadAction\",\"target\":[\"https:\/\/shimadzu-testing.com\/en\/terms-of-use\/\"]}]},{\"@type\":\"BreadcrumbList\",\"@id\":\"https:\/\/shimadzu-testing.com\/en\/terms-of-use\/#breadcrumb\",\"itemListElement\":[{\"@type\":\"ListItem\",\"position\":1,\"name\":\"Startseite\",\"item\":\"https:\/\/shimadzu-testing.com\/\"},{\"@type\":\"ListItem\",\"position\":2,\"name\":\"Terms of use\"}]},{\"@type\":\"WebSite\",\"@id\":\"https:\/\/shimadzu-testing.com\/en\/#website\",\"url\":\"https:\/\/shimadzu-testing.com\/en\/\",\"name\":\"Shimadzu Testing\",\"description\":\"Shimadzu Testing\",\"publisher\":{\"@id\":\"https:\/\/shimadzu-testing.com\/en\/#organization\"},\"potentialAction\":[{\"@type\":\"SearchAction\",\"target\":{\"@type\":\"EntryPoint\",\"urlTemplate\":\"https:\/\/shimadzu-testing.com\/en\/?s={search_term_string}\"},\"query-input\":{\"@type\":\"PropertyValueSpecification\",\"valueRequired\":true,\"valueName\":\"search_term_string\"}}],\"inLanguage\":\"ro-RO\"},{\"@type\":\"Organization\",\"@id\":\"https:\/\/shimadzu-testing.com\/en\/#organization\",\"name\":\"Shimadzu Testing\",\"url\":\"https:\/\/shimadzu-testing.com\/en\/\",\"logo\":{\"@type\":\"ImageObject\",\"inLanguage\":\"ro-RO\",\"@id\":\"https:\/\/shimadzu-testing.com\/en\/#\/schema\/logo\/image\/\",\"url\":\"https:\/\/shimadzu-testing.com\/wp-content\/uploads\/2024\/08\/shimadzu-logo-roter-hintergrund.svg\",\"contentUrl\":\"https:\/\/shimadzu-testing.com\/wp-content\/uploads\/2024\/08\/shimadzu-logo-roter-hintergrund.svg\",\"width\":364,\"height\":100,\"caption\":\"Shimadzu Testing\"},\"image\":{\"@id\":\"https:\/\/shimadzu-testing.com\/en\/#\/schema\/logo\/image\/\"}}]}<\/script>\n<!-- \/ Yoast SEO plugin. -->","yoast_head_json":{"title":"Terms of use - Shimadzu Testing","robots":{"index":"index","follow":"follow","max-snippet":"max-snippet:-1","max-image-preview":"max-image-preview:large","max-video-preview":"max-video-preview:-1"},"canonical":"https:\/\/shimadzu-testing.com\/ro\/terms-of-use\/","twitter_card":"summary_large_image","twitter_title":"Terms of use - Shimadzu Testing","twitter_description":"Shimadzu Terms of Use 1. Agreement By accessing and using the shimadzu-testing.com website, you accept and agree to the terms of this agreement. In addition, when using this website\u2019s services, you shall be aware that posted guidelines and information can be modified or updated at any time. Any participation in this website will constitute acceptance [&hellip;]","twitter_misc":{"Timp estimat pentru citire":"1 minut"},"schema":{"@context":"https:\/\/schema.org","@graph":[{"@type":"WebPage","@id":"https:\/\/shimadzu-testing.com\/en\/terms-of-use\/","url":"https:\/\/shimadzu-testing.com\/en\/terms-of-use\/","name":"Terms of use - Shimadzu Testing","isPartOf":{"@id":"https:\/\/shimadzu-testing.com\/en\/#website"},"datePublished":"2023-11-10T09:54:32+00:00","dateModified":"2024-10-02T08:14:33+00:00","breadcrumb":{"@id":"https:\/\/shimadzu-testing.com\/en\/terms-of-use\/#breadcrumb"},"inLanguage":"ro-RO","potentialAction":[{"@type":"ReadAction","target":["https:\/\/shimadzu-testing.com\/en\/terms-of-use\/"]}]},{"@type":"BreadcrumbList","@id":"https:\/\/shimadzu-testing.com\/en\/terms-of-use\/#breadcrumb","itemListElement":[{"@type":"ListItem","position":1,"name":"Startseite","item":"https:\/\/shimadzu-testing.com\/"},{"@type":"ListItem","position":2,"name":"Terms of use"}]},{"@type":"WebSite","@id":"https:\/\/shimadzu-testing.com\/en\/#website","url":"https:\/\/shimadzu-testing.com\/en\/","name":"Shimadzu Testing","description":"Shimadzu Testing","publisher":{"@id":"https:\/\/shimadzu-testing.com\/en\/#organization"},"potentialAction":[{"@type":"SearchAction","target":{"@type":"EntryPoint","urlTemplate":"https:\/\/shimadzu-testing.com\/en\/?s={search_term_string}"},"query-input":{"@type":"PropertyValueSpecification","valueRequired":true,"valueName":"search_term_string"}}],"inLanguage":"ro-RO"},{"@type":"Organization","@id":"https:\/\/shimadzu-testing.com\/en\/#organization","name":"Shimadzu Testing","url":"https:\/\/shimadzu-testing.com\/en\/","logo":{"@type":"ImageObject","inLanguage":"ro-RO","@id":"https:\/\/shimadzu-testing.com\/en\/#\/schema\/logo\/image\/","url":"https:\/\/shimadzu-testing.com\/wp-content\/uploads\/2024\/08\/shimadzu-logo-roter-hintergrund.svg","contentUrl":"https:\/\/shimadzu-testing.com\/wp-content\/uploads\/2024\/08\/shimadzu-logo-roter-hintergrund.svg","width":364,"height":100,"caption":"Shimadzu Testing"},"image":{"@id":"https:\/\/shimadzu-testing.com\/en\/#\/schema\/logo\/image\/"}}]}},"_links":{"self":[{"href":"https:\/\/shimadzu-testing.com\/ro\/wp-json\/wp\/v2\/pages\/11140","targetHints":{"allow":["GET"]}}],"collection":[{"href":"https:\/\/shimadzu-testing.com\/ro\/wp-json\/wp\/v2\/pages"}],"about":[{"href":"https:\/\/shimadzu-testing.com\/ro\/wp-json\/wp\/v2\/types\/page"}],"author":[{"embeddable":true,"href":"https:\/\/shimadzu-testing.com\/ro\/wp-json\/wp\/v2\/users\/5"}],"replies":[{"embeddable":true,"href":"https:\/\/shimadzu-testing.com\/ro\/wp-json\/wp\/v2\/comments?post=11140"}],"version-history":[{"count":0,"href":"https:\/\/shimadzu-testing.com\/ro\/wp-json\/wp\/v2\/pages\/11140\/revisions"}],"wp:attachment":[{"href":"https:\/\/shimadzu-testing.com\/ro\/wp-json\/wp\/v2\/media?parent=11140"}],"curies":[{"name":"wp","href":"https:\/\/api.w.org\/{rel}","templated":true}]}}