{"id":10751,"date":"2023-11-09T13:39:50","date_gmt":"2023-11-09T12:39:43","guid":{"rendered":"https:\/\/dev.rockster.at\/?page_id=10751"},"modified":"2025-09-11T10:21:58","modified_gmt":"2025-09-11T08:21:58","slug":"rechtshinweis","status":"publish","type":"page","link":"https:\/\/shimadzu-testing.com\/de\/rechtshinweis\/","title":{"rendered":"Rechtlicher Hinweis"},"content":{"rendered":"<div data-elementor-type=\"wp-page\" data-elementor-id=\"10751\" class=\"elementor elementor-10751\" data-elementor-post-type=\"page\">\n\t\t\t\t<div class=\"elementor-element elementor-element-8a3392b e-flex e-con-boxed e-con e-parent\" data-id=\"8a3392b\" data-element_type=\"container\">\n\t\t\t\t\t<div class=\"e-con-inner\">\n\t\t\t\t<div class=\"elementor-element elementor-element-93bea3f elementor-widget elementor-widget-text-editor\" data-id=\"93bea3f\" data-element_type=\"widget\" data-widget_type=\"text-editor.default\">\n\t\t\t\t<div class=\"elementor-widget-container\">\n\t\t\t\t\t\t\t\t\t<h3>Shimadzu<\/h3><h1>Rechtlicher Hinweis<\/h1>\t\t\t\t\t\t\t\t<\/div>\n\t\t\t\t<\/div>\n\t\t\t\t\t<\/div>\n\t\t\t\t<\/div>\n\t\t<div class=\"elementor-element elementor-element-5899d22 e-flex e-con-boxed e-con e-parent\" data-id=\"5899d22\" data-element_type=\"container\">\n\t\t\t\t\t<div class=\"e-con-inner\">\n\t\t<div class=\"elementor-element elementor-element-d5a1f75 e-con-full e-flex e-con e-child\" data-id=\"d5a1f75\" data-element_type=\"container\">\n\t\t<div class=\"elementor-element elementor-element-8b11c92 e-con-full e-flex e-con e-child\" data-id=\"8b11c92\" data-element_type=\"container\" data-settings=\"{&quot;background_background&quot;:&quot;classic&quot;}\">\n\t\t\t\t<div class=\"elementor-element elementor-element-986c660 kein-strich-h2 elementor-widget elementor-widget-heading\" data-id=\"986c660\" data-element_type=\"widget\" data-widget_type=\"heading.default\">\n\t\t\t\t<div class=\"elementor-widget-container\">\n\t\t\t\t\t<h2 class=\"elementor-heading-title elementor-size-default\">Shimadzu Handelsgesellschaft m.b.H.<\/h2>\t\t\t\t<\/div>\n\t\t\t\t<\/div>\n\t\t\t\t<div class=\"elementor-element elementor-element-2905b3d elementor-widget elementor-widget-text-editor\" data-id=\"2905b3d\" data-element_type=\"widget\" data-widget_type=\"text-editor.default\">\n\t\t\t\t<div class=\"elementor-widget-container\">\n\t\t\t\t\t\t\t\t\t<p>Laaer Stra\u00dfe 7-9<br \/>2100 Korneuburg<br \/>\u00d6sterreich<\/p>\t\t\t\t\t\t\t\t<\/div>\n\t\t\t\t<\/div>\n\t\t\t\t<div class=\"elementor-element elementor-element-5b8aaa8 elementor-list-item-link-inline underline email-link elementor-icon-list--layout-traditional elementor-widget elementor-widget-icon-list\" data-id=\"5b8aaa8\" data-element_type=\"widget\" data-widget_type=\"icon-list.default\">\n\t\t\t\t<div class=\"elementor-widget-container\">\n\t\t\t\t\t\t\t<ul class=\"elementor-icon-list-items\">\n\t\t\t\t\t\t\t<li class=\"elementor-icon-list-item\">\n\t\t\t\t\t\t\t\t\t\t\t<a href=\"tel:+432262626010\" data-no-translation=\"\">\n\n\t\t\t\t\t\t\t\t\t\t\t\t<span class=\"elementor-icon-list-icon\">\n\t\t\t\t\t\t\t<svg xmlns=\"http:\/\/www.w3.org\/2000\/svg\" width=\"7.056mm\" height=\"7.056mm\" viewbox=\"0 0 20 20\"><defs><style> .cls-1 { fill: #212121; } <\/style><\/defs><g><g id=\"Ebene_1\"><path id=\"Pfad_10533\" class=\"cls-1\" d=\"M13.75,0c1.243,0,2.25,1.007,2.25,2.25v15.5c0,1.243-1.007,2.25-2.25,2.25h-7.5c-1.243,0-2.25-1.007-2.25-2.25V2.25c0-1.243,1.007-2.25,2.25-2.25h7.5ZM13.75,1.5h-7.5c-.414,0-.75.336-.75.75v15.5c0,.414.336.75.75.75h7.5c.414,0,.75-.336.75-.75V2.25c0-.414-.336-.75-.75-.75ZM11.25,15.5c.414,0,.75.336.75.75s-.336.75-.75.75h-2.5c-.414,0-.75-.336-.75-.75s.336-.75.75-.75h2.5Z\"><\/path><\/g><\/g><\/svg>\t\t\t\t\t\t<\/span>\n\t\t\t\t\t\t\t\t\t\t<span class=\"elementor-icon-list-text\">+43 (0) 2262 62601 0<\/span>\n\t\t\t\t\t\t\t\t\t\t\t<\/a>\n\t\t\t\t\t\t\t\t\t<\/li>\n\t\t\t\t\t\t\t\t<li class=\"elementor-icon-list-item\">\n\t\t\t\t\t\t\t\t\t\t\t<a href=\"tel:+432262626013\" data-no-translation=\"\">\n\n\t\t\t\t\t\t\t\t\t\t\t\t<span class=\"elementor-icon-list-icon\">\n\t\t\t\t\t\t\t<svg xmlns=\"http:\/\/www.w3.org\/2000\/svg\" width=\"7.056mm\" height=\"7.056mm\" viewbox=\"0 0 20.001 20.001\"><defs><style> .cls-1 { fill: #212121; } <\/style><\/defs><g><g id=\"Ebene_1\"><path id=\"Pfad_24887\" class=\"cls-1\" d=\"M13.752,1.001c1.242.001,2.248,1.008,2.248,2.25v.75h.75c1.795.002,3.249,1.458,3.25,3.253v6c0,1.242-1.006,2.249-2.248,2.25h-1.752v1.25c-.002,1.241-1.009,2.247-2.25,2.247h-7.5c-1.243,0-2.25-1.007-2.25-2.25v-1.25h-1.75C1.008,15.501,0,14.493,0,13.251v-6C0,5.456,1.455,4.001,3.25,4.001h.75v-.75c0-1.243,1.007-2.25,2.25-2.25h7.502ZM13.752,11.501h-7.502c-.414,0-.75.336-.75.75v4.5c0,.414.336.75.75.75h7.5c.414,0,.75-.336.75-.75v-4.5c0-.414-.336-.75-.75-.75h.002ZM16.752,5.501H3.25c-.966,0-1.75.783-1.75,1.75,0,.001,0,.003,0,.004v6c0,.414.336.75.75.75h1.75v-1.754c0-1.243,1.007-2.25,2.25-2.25h7.5c1.243,0,2.25,1.007,2.25,2.25v1.75h1.783c.404-.013.724-.345.724-.749v-6c-.002-.968-.787-1.752-1.755-1.751ZM13.752,2.501h-7.502c-.414,0-.75.336-.75.75v.75h9v-.75c0-.413-.335-.749-.748-.75Z\"><\/path><\/g><\/g><\/svg>\t\t\t\t\t\t<\/span>\n\t\t\t\t\t\t\t\t\t\t<span class=\"elementor-icon-list-text\">+43 (0) 2262 62601 3<\/span>\n\t\t\t\t\t\t\t\t\t\t\t<\/a>\n\t\t\t\t\t\t\t\t\t<\/li>\n\t\t\t\t\t\t\t\t<li class=\"elementor-icon-list-item\">\n\t\t\t\t\t\t\t\t\t\t\t<a href=\"&#109;&#x61;i&#108;&#x74;o&#58;&#x6f;f&#x66;&#x69;&#99;&#x65;&#64;&#115;&#x68;i&#109;&#x61;d&#x7a;&#x75;&#46;&#x61;&#x74;\" data-no-translation=\"\">\n\n\t\t\t\t\t\t\t\t\t\t\t\t<span class=\"elementor-icon-list-icon\">\n\t\t\t\t\t\t\t<svg xmlns=\"http:\/\/www.w3.org\/2000\/svg\" width=\"7.056mm\" height=\"7.056mm\" viewbox=\"0 0 20 20\"><defs><style> .cls-1 { fill: #212121; } <\/style><\/defs><g><g id=\"Ebene_1\"><path id=\"Pfad_10534\" class=\"cls-1\" d=\"M3.25,2h13.5c1.725-.003,3.152,1.343,3.25,3.066v9.684c.003,1.725-1.343,3.152-3.066,3.25H3.25C1.525,18.003.098,16.657,0,14.934V5.25c-.003-1.725,1.343-3.152,3.066-3.25h.184ZM18.5,7.373l-8.15,4.29c-.185.097-.403.113-.6.043l-.1-.042L1.5,7.374v7.376c0,.911.698,1.669,1.606,1.744l.144.006h13.5c.911,0,1.67-.699,1.744-1.607l.006-.143v-7.377ZM16.75,3.5H3.25c-.911,0-1.669.698-1.744,1.606l-.006.144v.429l8.5,4.473,8.5-4.474v-.428c0-.911-.699-1.67-1.607-1.744l-.143-.006Z\"><\/path><\/g><\/g><\/svg>\t\t\t\t\t\t<\/span>\n\t\t\t\t\t\t\t\t\t\t<span class=\"elementor-icon-list-text\">&#x6f;&#102;f&#x69;&#99;e&#x40;&#115;h&#x69;&#109;a&#x64;&#122;u&#x2e;&#97;t<\/span>\n\t\t\t\t\t\t\t\t\t\t\t<\/a>\n\t\t\t\t\t\t\t\t\t<\/li>\n\t\t\t\t\t\t<\/ul>\n\t\t\t\t\t\t<\/div>\n\t\t\t\t<\/div>\n\t\t\t\t<\/div>\n\t\t<div class=\"elementor-element elementor-element-bdd16b9 e-con-full e-flex e-con e-child\" data-id=\"bdd16b9\" data-element_type=\"container\" data-settings=\"{&quot;background_background&quot;:&quot;classic&quot;}\">\n\t\t\t\t<div class=\"elementor-element elementor-element-fee1396 elementor-widget elementor-widget-text-editor\" data-id=\"fee1396\" data-element_type=\"widget\" data-widget_type=\"text-editor.default\">\n\t\t\t\t<div class=\"elementor-widget-container\">\n\t\t\t\t\t\t\t\t\t<p>Inhalt und Zweck der Website<\/p>\t\t\t\t\t\t\t\t<\/div>\n\t\t\t\t<\/div>\n\t\t\t\t<div class=\"elementor-element elementor-element-0609c9c elementor-widget elementor-widget-text-editor\" data-id=\"0609c9c\" data-element_type=\"widget\" data-widget_type=\"text-editor.default\">\n\t\t\t\t<div class=\"elementor-widget-container\">\n\t\t\t\t\t\t\t\t\t<p>Informationen \u00fcber das Unternehmen sowie \u00fcber Produkte, Werbeaktionen und interessante Fakten \u00fcber den Gegenstand des Unternehmens.<\/p>\t\t\t\t\t\t\t\t<\/div>\n\t\t\t\t<\/div>\n\t\t\t\t<div class=\"elementor-element elementor-element-ce84d46 elementor-widget elementor-widget-text-editor\" data-id=\"ce84d46\" data-element_type=\"widget\" data-widget_type=\"text-editor.default\">\n\t\t\t\t<div class=\"elementor-widget-container\">\n\t\t\t\t\t\t\t\t\t<p>Copyright, Haftungsausschluss<\/p>\t\t\t\t\t\t\t\t<\/div>\n\t\t\t\t<\/div>\n\t\t\t\t<div class=\"elementor-element elementor-element-ae221c3 elementor-widget elementor-widget-text-editor\" data-id=\"ae221c3\" data-element_type=\"widget\" data-widget_type=\"text-editor.default\">\n\t\t\t\t<div class=\"elementor-widget-container\">\n\t\t\t\t\t\t\t\t\t<p>Der Autor haftet nicht f\u00fcr etwaige fehlerhafte Angaben auf der Homepage. Alle Informationen werden ohne Gew\u00e4hr zur Verf\u00fcgung gestellt. Die Inhalte dieser Website d\u00fcrfen nur mit vorheriger Zustimmung des Autors weiterverwendet werden. Alle Rechte vorbehalten.<\/p>\t\t\t\t\t\t\t\t<\/div>\n\t\t\t\t<\/div>\n\t\t\t\t<div class=\"elementor-element elementor-element-9feae98 elementor-widget elementor-widget-text-editor\" data-id=\"9feae98\" data-element_type=\"widget\" data-widget_type=\"text-editor.default\">\n\t\t\t\t<div class=\"elementor-widget-container\">\n\t\t\t\t\t\t\t\t\t<p>Haftungsausschluss<\/p>\t\t\t\t\t\t\t\t<\/div>\n\t\t\t\t<\/div>\n\t\t\t\t<div class=\"elementor-element elementor-element-d8a81e3 elementor-widget elementor-widget-text-editor\" data-id=\"d8a81e3\" data-element_type=\"widget\" data-widget_type=\"text-editor.default\">\n\t\t\t\t<div class=\"elementor-widget-container\">\n\t\t\t\t\t\t\t\t\t<p>Trotz gr\u00f6\u00dftm\u00f6glicher Sorgfalt bei der Auswahl und Darstellung kann keine Haftung f\u00fcr etwaige Fehler \u00fcbernommen werden. F\u00fcr die Inhalte aller Links, die zu Seiten au\u00dferhalb von www.rockster.at f\u00fchren, wird keine Haftung \u00fcbernommen und die dort enthaltenen Informationen liegen in der Verantwortung des jeweiligen Dienstanbieters. Wir \u00fcbernehmen keine Verantwortung f\u00fcr die Inhalte dieser Websites und machen uns diese nicht zu eigen.<\/p>\t\t\t\t\t\t\t\t<\/div>\n\t\t\t\t<\/div>\n\t\t\t\t<div class=\"elementor-element elementor-element-c7181cd elementor-widget elementor-widget-text-editor\" data-id=\"c7181cd\" data-element_type=\"widget\" data-widget_type=\"text-editor.default\">\n\t\t\t\t<div class=\"elementor-widget-container\">\n\t\t\t\t\t\t\t\t\t<p>Nutzungsbedingungen<\/p>\t\t\t\t\t\t\t\t<\/div>\n\t\t\t\t<\/div>\n\t\t\t\t<div class=\"elementor-element elementor-element-89471b7 elementor-widget elementor-widget-button\" data-id=\"89471b7\" data-element_type=\"widget\" data-widget_type=\"button.default\">\n\t\t\t\t<div class=\"elementor-widget-container\">\n\t\t\t\t\t\t\t\t\t<div class=\"elementor-button-wrapper\">\n\t\t\t\t\t<a class=\"elementor-button elementor-button-link elementor-size-sm\" href=\"\/de\/terms-of-use\/\">\n\t\t\t\t\t\t<span class=\"elementor-button-content-wrapper\">\n\t\t\t\t\t\t\t\t\t<span class=\"elementor-button-text\">Nutzungsbedingungen<\/span>\n\t\t\t\t\t<\/span>\n\t\t\t\t\t<\/a>\n\t\t\t\t<\/div>\n\t\t\t\t\t\t\t\t<\/div>\n\t\t\t\t<\/div>\n\t\t\t\t<div class=\"elementor-element elementor-element-40db684 elementor-widget elementor-widget-text-editor\" data-id=\"40db684\" data-element_type=\"widget\" data-widget_type=\"text-editor.default\">\n\t\t\t\t<div class=\"elementor-widget-container\">\n\t\t\t\t\t\t\t\t\tCopyright \u00a9 2026\t\t\t\t\t\t\t\t<\/div>\n\t\t\t\t<\/div>\n\t\t\t\t<div class=\"elementor-element elementor-element-e4d3f8c elementor-widget elementor-widget-text-editor\" data-id=\"e4d3f8c\" data-element_type=\"widget\" data-widget_type=\"text-editor.default\">\n\t\t\t\t<div class=\"elementor-widget-container\">\n\t\t\t\t\t\t\t\t\t<p>Online Design, Entwicklung und Beratung<\/p>\t\t\t\t\t\t\t\t<\/div>\n\t\t\t\t<\/div>\n\t\t\t\t<div class=\"elementor-element elementor-element-04da660 email-link elementor-widget elementor-widget-text-editor\" data-id=\"04da660\" data-element_type=\"widget\" data-widget_type=\"text-editor.default\">\n\t\t\t\t<div class=\"elementor-widget-container\">\n\t\t\t\t\t\t\t\t\t<p>FEDERLEICHT e.U.<br \/><a title=\"FEDERLEICHT: Webdesign f\u00fcr Markenhersteller\" href=\"https:\/\/federleicht.cc\/\" target=\"_blank\" rel=\"nofollow noopener\" data-no-translation=\"\">www.federleicht.cc<\/a><\/p><p>Markus Neureiter<br \/>Wei\u00dfenbach 79<br \/>5431 Kuchl \/ Salzburg<br \/><a href=\"tel:+4369981645830\" data-no-translation=\"\">+43 699 81645830<\/a><br \/><a href=\"&#109;&#x61;i&#108;&#x74;o&#x3a;&#x6d;&#97;&#x72;k&#117;&#x73;&#64;&#102;&#x65;&#100;&#x65;r&#108;&#x65;i&#99;&#x68;&#116;&#x2e;&#x63;&#99;\" data-no-translation=\"\">m&#97;&#x72;&#x6b;u&#115;&#x40;&#x66;e&#100;&#101;&#x72;&#x6c;e&#105;&#x63;&#x68;t&#46;&#x63;&#x63;<\/a><\/p>\t\t\t\t\t\t\t\t<\/div>\n\t\t\t\t<\/div>\n\t\t\t\t<\/div>\n\t\t\t\t<\/div>\n\t\t<div class=\"elementor-element elementor-element-4ecad45 e-con-full e-flex e-con e-child\" data-id=\"4ecad45\" data-element_type=\"container\">\n\t\t<div class=\"elementor-element elementor-element-3d1b247 e-con-full e-flex e-con e-child\" data-id=\"3d1b247\" data-element_type=\"container\" data-settings=\"{&quot;background_background&quot;:&quot;classic&quot;}\">\n\t\t\t\t<div class=\"elementor-element elementor-element-207a3c5 kein-strich-h2 elementor-widget elementor-widget-heading\" data-id=\"207a3c5\" data-element_type=\"widget\" data-widget_type=\"heading.default\">\n\t\t\t\t<div class=\"elementor-widget-container\">\n\t\t\t\t\t<h2 class=\"elementor-heading-title elementor-size-default\">Impressum &amp; Infos<\/h2>\t\t\t\t<\/div>\n\t\t\t\t<\/div>\n\t\t\t\t<div class=\"elementor-element elementor-element-d6c5b75 elementor-widget elementor-widget-text-editor\" data-id=\"d6c5b75\" data-element_type=\"widget\" data-widget_type=\"text-editor.default\">\n\t\t\t\t<div class=\"elementor-widget-container\">\n\t\t\t\t\t\t\t\t\t<p>Gewerbeinhaberin: Shimadzu Handelsgesellschaft m.b.H.<br \/>Rechtsform: Gesellschaft mit beschr\u00e4nkter Haftung<br \/>Gewerbeart: freies Gewerbe<br \/>Handelsagent gem\u00e4\u00df \u00a7 103 Abs.1 lit. b Z. 24 GewO 1973<\/p>\t\t\t\t\t\t\t\t<\/div>\n\t\t\t\t<\/div>\n\t\t\t\t<div class=\"elementor-element elementor-element-5e51097 elementor-widget elementor-widget-text-editor\" data-id=\"5e51097\" data-element_type=\"widget\" data-widget_type=\"text-editor.default\">\n\t\t\t\t<div class=\"elementor-widget-container\">\n\t\t\t\t\t\t\t\t\t<p>Firmenbuchnummer: 058498b<br \/>GLN: 9110015354485<\/p>\t\t\t\t\t\t\t\t<\/div>\n\t\t\t\t<\/div>\n\t\t\t\t<div class=\"elementor-element elementor-element-3b4babb elementor-widget elementor-widget-text-editor\" data-id=\"3b4babb\" data-element_type=\"widget\" data-widget_type=\"text-editor.default\">\n\t\t\t\t<div class=\"elementor-widget-container\">\n\t\t\t\t\t\t\t\t\t<p>Gesch\u00e4ftsf\u00fchrer (gewerberechtlich): Robert Kaubek<\/p>\t\t\t\t\t\t\t\t<\/div>\n\t\t\t\t<\/div>\n\t\t\t\t<div class=\"elementor-element elementor-element-45a95b7 elementor-widget elementor-widget-text-editor\" data-id=\"45a95b7\" data-element_type=\"widget\" data-widget_type=\"text-editor.default\">\n\t\t\t\t<div class=\"elementor-widget-container\">\n\t\t\t\t\t\t\t\t\t<p>GISA-Zahl: 12928859<br \/>UID Nr.: ATU 18379608<br \/>HRB Nr.: FN 58498b beim Handelsgericht Korneuburg<\/p>\t\t\t\t\t\t\t\t<\/div>\n\t\t\t\t<\/div>\n\t\t\t\t<\/div>\n\t\t\t\t<\/div>\n\t\t\t\t\t<\/div>\n\t\t\t\t<\/div>\n\t\t\t\t<\/div>","protected":false},"excerpt":{"rendered":"<p>Shimadzu Legal Notice Shimadzu Handelsgesellschaft m.b.H. Laaer Stra\u00dfe 7-92100 KorneuburgAustria +43 (0) 2262 62601 0 +43 (0) 2262 62601 3 &#111;&#x66;&#x66;&#105;&#x63;&#x65;&#64;&#x73;&#x68;i&#109;&#x61;d&#122;&#x75;&#46;&#97;&#x74; Content and purpose of the website Information about the company, as well as products, promotions and interesting facts about the company&#8217;s object. Copyright, disclaimer The author is not liable for any incorrect information on [&hellip;]<\/p>","protected":false},"author":5,"featured_media":0,"parent":0,"menu_order":5,"comment_status":"closed","ping_status":"closed","template":"","meta":{"footnotes":""},"class_list":["post-10751","page","type-page","status-publish","hentry"],"yoast_head":"<!-- This site is optimized with the Yoast SEO plugin v25.4 - https:\/\/yoast.com\/wordpress\/plugins\/seo\/ -->\n<title>Legal Notice - Shimadzu Testing<\/title>\n<meta name=\"robots\" content=\"index, follow, max-snippet:-1, max-image-preview:large, max-video-preview:-1\" \/>\n<link rel=\"canonical\" href=\"https:\/\/shimadzu-testing.com\/de\/rechtshinweis\/\" \/>\n<meta name=\"twitter:card\" content=\"summary_large_image\" \/>\n<meta name=\"twitter:title\" content=\"Legal Notice - Shimadzu Testing\" \/>\n<meta name=\"twitter:description\" content=\"Shimadzu Legal Notice Shimadzu Handelsgesellschaft m.b.H. Laaer Stra\u00dfe 7-92100 KorneuburgAustria +43 (0) 2262 62601 0 +43 (0) 2262 62601 3 &#x6f;&#102;f&#x69;&#099;e&#x40;&#x73;&#104;&#x69;&#x6d;&#097;d&#x7a;&#117;&#046;&#x61;&#x74; Content and purpose of the website Information about the company, as well as products, promotions and interesting facts about the company&#8217;s object. Copyright, disclaimer The author is not liable for any incorrect information on [&hellip;]\" \/>\n<meta name=\"twitter:label1\" content=\"Gesch\u00e4tzte Lesezeit\" \/>\n\t<meta name=\"twitter:data1\" content=\"1\u00a0Minute\" \/>\n<script type=\"application\/ld+json\" class=\"yoast-schema-graph\">{\"@context\":\"https:\/\/schema.org\",\"@graph\":[{\"@type\":\"WebPage\",\"@id\":\"https:\/\/shimadzu-testing.com\/legal-notice\/\",\"url\":\"https:\/\/shimadzu-testing.com\/legal-notice\/\",\"name\":\"Legal Notice - Shimadzu Testing\",\"isPartOf\":{\"@id\":\"https:\/\/shimadzu-testing.com\/en\/#website\"},\"datePublished\":\"2023-11-09T12:39:43+00:00\",\"dateModified\":\"2025-09-11T08:21:58+00:00\",\"breadcrumb\":{\"@id\":\"https:\/\/shimadzu-testing.com\/legal-notice\/#breadcrumb\"},\"inLanguage\":\"de\",\"potentialAction\":[{\"@type\":\"ReadAction\",\"target\":[\"https:\/\/shimadzu-testing.com\/legal-notice\/\"]}]},{\"@type\":\"BreadcrumbList\",\"@id\":\"https:\/\/shimadzu-testing.com\/legal-notice\/#breadcrumb\",\"itemListElement\":[{\"@type\":\"ListItem\",\"position\":1,\"name\":\"Startseite\",\"item\":\"https:\/\/shimadzu-testing.com\/\"},{\"@type\":\"ListItem\",\"position\":2,\"name\":\"Legal Notice\"}]},{\"@type\":\"WebSite\",\"@id\":\"https:\/\/shimadzu-testing.com\/en\/#website\",\"url\":\"https:\/\/shimadzu-testing.com\/en\/\",\"name\":\"Shimadzu Testing\",\"description\":\"Shimadzu Testing\",\"publisher\":{\"@id\":\"https:\/\/shimadzu-testing.com\/en\/#organization\"},\"potentialAction\":[{\"@type\":\"SearchAction\",\"target\":{\"@type\":\"EntryPoint\",\"urlTemplate\":\"https:\/\/shimadzu-testing.com\/en\/?s={search_term_string}\"},\"query-input\":{\"@type\":\"PropertyValueSpecification\",\"valueRequired\":true,\"valueName\":\"search_term_string\"}}],\"inLanguage\":\"de\"},{\"@type\":\"Organization\",\"@id\":\"https:\/\/shimadzu-testing.com\/en\/#organization\",\"name\":\"Shimadzu Testing\",\"url\":\"https:\/\/shimadzu-testing.com\/en\/\",\"logo\":{\"@type\":\"ImageObject\",\"inLanguage\":\"de\",\"@id\":\"https:\/\/shimadzu-testing.com\/en\/#\/schema\/logo\/image\/\",\"url\":\"https:\/\/shimadzu-testing.com\/wp-content\/uploads\/2024\/08\/shimadzu-logo-roter-hintergrund.svg\",\"contentUrl\":\"https:\/\/shimadzu-testing.com\/wp-content\/uploads\/2024\/08\/shimadzu-logo-roter-hintergrund.svg\",\"width\":364,\"height\":100,\"caption\":\"Shimadzu Testing\"},\"image\":{\"@id\":\"https:\/\/shimadzu-testing.com\/en\/#\/schema\/logo\/image\/\"}}]}<\/script>\n<!-- \/ Yoast SEO plugin. -->","yoast_head_json":{"title":"Legal Notice - Shimadzu Testing","robots":{"index":"index","follow":"follow","max-snippet":"max-snippet:-1","max-image-preview":"max-image-preview:large","max-video-preview":"max-video-preview:-1"},"canonical":"https:\/\/shimadzu-testing.com\/de\/rechtshinweis\/","twitter_card":"summary_large_image","twitter_title":"Legal Notice - Shimadzu Testing","twitter_description":"Shimadzu Legal Notice Shimadzu Handelsgesellschaft m.b.H. Laaer Stra\u00dfe 7-92100 KorneuburgAustria +43 (0) 2262 62601 0 +43 (0) 2262 62601 3 &#x6f;&#102;f&#x69;&#99;e&#x40;&#x73;&#104;&#x69;&#x6d;&#97;d&#x7a;&#117;&#46;&#x61;&#x74; Content and purpose of the website Information about the company, as well as products, promotions and interesting facts about the company&#8217;s object. Copyright, disclaimer The author is not liable for any incorrect information on [&hellip;]","twitter_misc":{"Gesch\u00e4tzte Lesezeit":"1\u00a0Minute"},"schema":{"@context":"https:\/\/schema.org","@graph":[{"@type":"WebPage","@id":"https:\/\/shimadzu-testing.com\/legal-notice\/","url":"https:\/\/shimadzu-testing.com\/legal-notice\/","name":"Legal Notice - Shimadzu Testing","isPartOf":{"@id":"https:\/\/shimadzu-testing.com\/en\/#website"},"datePublished":"2023-11-09T12:39:43+00:00","dateModified":"2025-09-11T08:21:58+00:00","breadcrumb":{"@id":"https:\/\/shimadzu-testing.com\/legal-notice\/#breadcrumb"},"inLanguage":"de","potentialAction":[{"@type":"ReadAction","target":["https:\/\/shimadzu-testing.com\/legal-notice\/"]}]},{"@type":"BreadcrumbList","@id":"https:\/\/shimadzu-testing.com\/legal-notice\/#breadcrumb","itemListElement":[{"@type":"ListItem","position":1,"name":"Startseite","item":"https:\/\/shimadzu-testing.com\/"},{"@type":"ListItem","position":2,"name":"Legal Notice"}]},{"@type":"WebSite","@id":"https:\/\/shimadzu-testing.com\/en\/#website","url":"https:\/\/shimadzu-testing.com\/en\/","name":"Shimadzu Testing","description":"Shimadzu Testing","publisher":{"@id":"https:\/\/shimadzu-testing.com\/en\/#organization"},"potentialAction":[{"@type":"SearchAction","target":{"@type":"EntryPoint","urlTemplate":"https:\/\/shimadzu-testing.com\/en\/?s={search_term_string}"},"query-input":{"@type":"PropertyValueSpecification","valueRequired":true,"valueName":"search_term_string"}}],"inLanguage":"de"},{"@type":"Organization","@id":"https:\/\/shimadzu-testing.com\/en\/#organization","name":"Shimadzu Testing","url":"https:\/\/shimadzu-testing.com\/en\/","logo":{"@type":"ImageObject","inLanguage":"de","@id":"https:\/\/shimadzu-testing.com\/en\/#\/schema\/logo\/image\/","url":"https:\/\/shimadzu-testing.com\/wp-content\/uploads\/2024\/08\/shimadzu-logo-roter-hintergrund.svg","contentUrl":"https:\/\/shimadzu-testing.com\/wp-content\/uploads\/2024\/08\/shimadzu-logo-roter-hintergrund.svg","width":364,"height":100,"caption":"Shimadzu Testing"},"image":{"@id":"https:\/\/shimadzu-testing.com\/en\/#\/schema\/logo\/image\/"}}]}},"_links":{"self":[{"href":"https:\/\/shimadzu-testing.com\/de\/wp-json\/wp\/v2\/pages\/10751","targetHints":{"allow":["GET"]}}],"collection":[{"href":"https:\/\/shimadzu-testing.com\/de\/wp-json\/wp\/v2\/pages"}],"about":[{"href":"https:\/\/shimadzu-testing.com\/de\/wp-json\/wp\/v2\/types\/page"}],"author":[{"embeddable":true,"href":"https:\/\/shimadzu-testing.com\/de\/wp-json\/wp\/v2\/users\/5"}],"replies":[{"embeddable":true,"href":"https:\/\/shimadzu-testing.com\/de\/wp-json\/wp\/v2\/comments?post=10751"}],"version-history":[{"count":0,"href":"https:\/\/shimadzu-testing.com\/de\/wp-json\/wp\/v2\/pages\/10751\/revisions"}],"wp:attachment":[{"href":"https:\/\/shimadzu-testing.com\/de\/wp-json\/wp\/v2\/media?parent=10751"}],"curies":[{"name":"wp","href":"https:\/\/api.w.org\/{rel}","templated":true}]}}