{"id":11140,"date":"2023-11-10T10:54:25","date_gmt":"2023-11-10T09:54:32","guid":{"rendered":"https:\/\/dev.rockster.at\/?page_id=11140"},"modified":"2024-10-02T10:14:33","modified_gmt":"2024-10-02T08:14:33","slug":"terms-of-use","status":"publish","type":"page","link":"https:\/\/shimadzu-testing.com\/cz\/terms-of-use\/","title":{"rendered":"Podm\u00ednky pou\u017eit\u00ed"},"content":{"rendered":"<div data-elementor-type=\"wp-page\" data-elementor-id=\"11140\" class=\"elementor elementor-11140\" data-elementor-post-type=\"page\">\n\t\t\t\t<div class=\"elementor-element elementor-element-c4d2998 e-flex e-con-boxed e-con e-parent\" data-id=\"c4d2998\" data-element_type=\"container\">\n\t\t\t\t\t<div class=\"e-con-inner\">\n\t\t\t\t<div class=\"elementor-element elementor-element-61dc192 elementor-widget elementor-widget-text-editor\" data-id=\"61dc192\" data-element_type=\"widget\" data-widget_type=\"text-editor.default\">\n\t\t\t\t<div class=\"elementor-widget-container\">\n\t\t\t\t\t\t\t\t\t<h3>Shimadzu<\/h3><h1>Podm\u00ednky pou\u017e\u00edv\u00e1n\u00ed<\/h1>\t\t\t\t\t\t\t\t<\/div>\n\t\t\t\t<\/div>\n\t\t\t\t\t<\/div>\n\t\t\t\t<\/div>\n\t\t<div class=\"elementor-element elementor-element-a3fbc25 e-flex e-con-boxed e-con e-parent\" data-id=\"a3fbc25\" data-element_type=\"container\">\n\t\t\t\t\t<div class=\"e-con-inner\">\n\t\t\t\t<div class=\"elementor-element elementor-element-26b51ec kein-strich-h2 elementor-widget elementor-widget-text-editor\" data-id=\"26b51ec\" data-element_type=\"widget\" data-widget_type=\"text-editor.default\">\n\t\t\t\t<div class=\"elementor-widget-container\">\n\t\t\t\t\t\t\t\t\t<h2>1. Dohoda<\/h2><p>P\u0159\u00edstupem na webov\u00e9 str\u00e1nky shimadzu-testing.com a jejich pou\u017e\u00edv\u00e1n\u00edm p\u0159ij\u00edm\u00e1te a souhlas\u00edte s podm\u00ednkami t\u00e9to smlouvy. P\u0159i pou\u017e\u00edv\u00e1n\u00ed slu\u017eeb t\u011bchto webov\u00fdch str\u00e1nek si nav\u00edc mus\u00edte b\u00fdt v\u011bdomi toho, \u017ee zve\u0159ejn\u011bn\u00e9 pokyny a informace mohou b\u00fdt kdykoli zm\u011bn\u011bny nebo aktualizov\u00e1ny.<br \/><br \/>Jak\u00e1koli \u00fa\u010dast na t\u011bchto webov\u00fdch str\u00e1nk\u00e1ch znamen\u00e1 souhlas s touto smlouvou. Pokud s v\u00fd\u0161e uveden\u00fdm nesouhlas\u00edte, nepou\u017e\u00edvejte pros\u00edm str\u00e1nky www.shimadzu-testing.com.<br \/><br \/>Poskytnut\u00fd obsah na shimadzu-testing.com je pouze informativn\u00ed. Spole\u010dnost Shimadzu Handelsgesellschaft m.b.H. nenese odpov\u011bdnost a nem\u016f\u017ee zaru\u010dit spr\u00e1vnost a dostupnost obsahu.<\/p>\t\t\t\t\t\t\t\t<\/div>\n\t\t\t\t<\/div>\n\t\t\t\t<div class=\"elementor-element elementor-element-9a25ea1 kein-strich-h2 elementor-widget elementor-widget-text-editor\" data-id=\"9a25ea1\" data-element_type=\"widget\" data-widget_type=\"text-editor.default\">\n\t\t\t\t<div class=\"elementor-widget-container\">\n\t\t\t\t\t\t\t\t\t<h2>2. Slu\u017eba<\/h2><p>a.) Webov\u00e9 str\u00e1nky spole\u010dnosti Shimadzu Handelsgesellschaft m.b.H. poskytuj\u00ed r\u016fzn\u00e9 informace o produktech a aplikac\u00edch ke \u010dten\u00ed online a ke sta\u017een\u00ed. P\u0159esto\u017ee na na\u0161ich webov\u00fdch str\u00e1nk\u00e1ch pracujeme s velkou pe\u010dlivost\u00ed, nem\u016f\u017eeme v\u00e1m zaru\u010dit \u00faplnou spr\u00e1vnost a \u00faplnost.\u00a0<br \/><br \/>b.) Jsme opr\u00e1vn\u011bni poskytnut\u00e9 informace m\u011bnit a dopl\u0148ovat. Rovn\u011b\u017e nem\u016f\u017eeme zaru\u010dit neomezenou dostupnost na\u0161ich webov\u00fdch str\u00e1nek z d\u016fvodu mo\u017en\u00fdch probl\u00e9m\u016f se serverem.<br \/><br \/>c.) Technick\u00e9 specifikace nebo obecn\u00e9 popisy na\u0161ich v\u00fdrobk\u016f mohou obsahovat chyby. Tak\u00e9 ne ka\u017ed\u00fd v\u00fdrobek je dostupn\u00fd v ka\u017ed\u00e9 zemi. V p\u0159\u00edpad\u011b z\u00e1jmu o na\u0161e v\u00fdrobky doporu\u010dujeme n\u00e1s kontaktovat.<br \/><br \/>d.) M\u00e1me pr\u00e1vo zablokovat v\u00e1\u0161 p\u0159\u00edstup na tyto webov\u00e9 str\u00e1nky Shimadzu, pokud poru\u0161\u00edte na\u0161e podm\u00ednky pou\u017e\u00edv\u00e1n\u00ed.<br \/><br \/>e.) Shimadzu-testing.com obsahuje odkazy na extern\u00ed webov\u00e9 str\u00e1nky t\u0159et\u00edch stran (hypertextov\u00e9 odkazy). Spole\u010dnost Shimadzu Handelsgesellschaft m.b.H. nenese \u017e\u00e1dnou odpov\u011bdnost za obsah webov\u00fdch str\u00e1nek t\u0159et\u00edch stran.\u00a0<\/p>\t\t\t\t\t\t\t\t<\/div>\n\t\t\t\t<\/div>\n\t\t\t\t<div class=\"elementor-element elementor-element-cc6eaa6 kein-strich-h2 elementor-widget elementor-widget-text-editor\" data-id=\"cc6eaa6\" data-element_type=\"widget\" data-widget_type=\"text-editor.default\">\n\t\t\t\t<div class=\"elementor-widget-container\">\n\t\t\t\t\t\t\t\t\t<h2>3. Autorsk\u00e1 pr\u00e1va<\/h2><p>a.) Spole\u010dnost Shimadzu Handelsgesellschaft m.b.H. a jej\u00ed partne\u0159i a poskytovatel\u00e9 licenc\u00ed maj\u00ed n\u00e1rok na ve\u0161ker\u00e1 pr\u00e1va (autorsk\u00e1 pr\u00e1va, patenty, obchodn\u00ed zna\u010dky, pr\u00e1va na vyu\u017eit\u00ed atd.) t\u00fdkaj\u00edc\u00ed se webov\u00fdch str\u00e1nek shimadzu-testing.com, v\u010detn\u011b jejich obsahu a v\u00fdsledk\u016f generovan\u00fdch nebo zobrazovan\u00fdch nab\u00edzen\u00fdmi prezenta\u010dn\u00edmi n\u00e1stroji - ve v\u0161ech form\u00e1tech (data, rozvr\u017een\u00ed, zdrojov\u00fd text, software, obsah, funkce, zvuk, seznamy odkaz\u016f, datab\u00e1ze, animovan\u00e9 obr\u00e1zky atd.).<br \/><br \/>b.) U\u017eivatel nesm\u00ed bez p\u00edsemn\u00e9ho souhlasu spole\u010dnosti Shimadzu Handelsgesellschaft m.b.H. upravovat, zpracov\u00e1vat nebo p\u0159ekl\u00e1dat, a\u0165 u\u017e vcelku nebo z\u010d\u00e1sti, webov\u00e9 str\u00e1nky shimadzu-testing.com a jejich obsah nebo v\u00fdsledky vytvo\u0159en\u00e9 nebo zobrazen\u00e9 pomoc\u00ed nab\u00edzen\u00fdch prezenta\u010dn\u00edch n\u00e1stroj\u016f.<br \/><br \/>c.) Reprodukce str\u00e1nek, text\u016f a\/nebo jednotliv\u00fdch \u010dl\u00e1nk\u016f nen\u00ed povolena, pokud nejsou reprodukov\u00e1ny v pln\u00e9m rozsahu bez jak\u00fdchkoli \u00faprav jejich obsahu nebo dopl\u0148ov\u00e1n\u00ed koment\u00e1\u0159\u016f. V\u00fdjimkou z tohoto po\u017eadavku jsou citace, kter\u00e9 jsou takto ozna\u010deny a dopln\u011bny odkazem na jejich zdroj.<\/p>\t\t\t\t\t\t\t\t<\/div>\n\t\t\t\t<\/div>\n\t\t\t\t<div class=\"elementor-element elementor-element-3e204a1 kein-strich-h2 elementor-widget elementor-widget-text-editor\" data-id=\"3e204a1\" data-element_type=\"widget\" data-widget_type=\"text-editor.default\">\n\t\t\t\t<div class=\"elementor-widget-container\">\n\t\t\t\t\t\t\t\t\t<h2>4. Z\u00e1sady ochrany osobn\u00edch \u00fadaj\u016f<\/h2><p>Spole\u010dnost Shimadzu Handelsgesellschaft m.b.H. bere bezpe\u010dnost dat v\u00e1\u017en\u011b, proto jsme vydali Z\u00e1sady ochrany osobn\u00edch \u00fadaj\u016f, kter\u00e9 popisuj\u00ed, jak spole\u010dnost Shimadzu pou\u017e\u00edv\u00e1 a chr\u00e1n\u00ed va\u0161e \u00fadaje. Dal\u0161\u00ed informace naleznete v na\u0161ich z\u00e1sad\u00e1ch ochrany osobn\u00edch \u00fadaj\u016f:<br \/><a href=\"\/cz\/zasady-ochrany-osobnich-udaju\/\">Z\u00e1sady ochrany osobn\u00edch \u00fadaj\u016f<\/a><\/p>\t\t\t\t\t\t\t\t<\/div>\n\t\t\t\t<\/div>\n\t\t\t\t<div class=\"elementor-element elementor-element-1660d02 kein-strich-h2 email-link elementor-widget elementor-widget-text-editor\" data-id=\"1660d02\" data-element_type=\"widget\" data-widget_type=\"text-editor.default\">\n\t\t\t\t<div class=\"elementor-widget-container\">\n\t\t\t\t\t\t\t\t\t<p>Pou\u017e\u00edv\u00e1n\u00ed t\u011bchto webov\u00fdch str\u00e1nek podl\u00e9h\u00e1 rakousk\u00e9mu a evropsk\u00e9mu pr\u00e1vu.<br \/><br \/><strong>Shimadzu Handelsgesellschaft m.b.H. \u00a0<br \/><br \/><\/strong>Laaer Strasse 7-9<br \/>A-2100 Korneuburg<br \/><br \/>Tel: \u00a0<a href=\"tel:+432262626010\" data-no-translation=\"\">+43 2262 62601-0<\/a><br \/>Fax: +43 2262 62601-3<br \/>Mail:\u00a0<a href=\"&#x6d;&#x61;&#105;l&#x74;&#x6f;&#58;of&#x66;&#x69;&#99;e&#x40;&#x73;&#104;&#105;m&#x61;&#x64;&#122;u&#x2e;&#x61;&#116;\" data-no-translation=\"\">offi&#99;&#101;&#64;&#115;&#104;&#x69;&#x6d;&#x61;&#x64;&#x7a;&#x75;&#x2e;at<\/a><\/p>\t\t\t\t\t\t\t\t<\/div>\n\t\t\t\t<\/div>\n\t\t\t\t\t<\/div>\n\t\t\t\t<\/div>\n\t\t\t\t<\/div>","protected":false},"excerpt":{"rendered":"<p>Shimadzu Terms of Use 1. Agreement By accessing and using the shimadzu-testing.com website, you accept and agree to the terms of this agreement. In addition, when using this website\u2019s services, you shall be aware that posted guidelines and information can be modified or updated at any time. Any participation in this website will constitute acceptance [&hellip;]<\/p>","protected":false},"author":5,"featured_media":0,"parent":0,"menu_order":7,"comment_status":"closed","ping_status":"closed","template":"","meta":{"footnotes":""},"class_list":["post-11140","page","type-page","status-publish","hentry"],"yoast_head":"<!-- This site is optimized with the Yoast SEO plugin v25.4 - https:\/\/yoast.com\/wordpress\/plugins\/seo\/ -->\n<title>Terms of use - Shimadzu Testing<\/title>\n<meta name=\"robots\" content=\"index, follow, max-snippet:-1, max-image-preview:large, max-video-preview:-1\" \/>\n<link rel=\"canonical\" href=\"https:\/\/shimadzu-testing.com\/cz\/terms-of-use\/\" \/>\n<meta name=\"twitter:card\" content=\"summary_large_image\" \/>\n<meta name=\"twitter:title\" content=\"Terms of use - Shimadzu Testing\" \/>\n<meta name=\"twitter:description\" content=\"Shimadzu Terms of Use 1. Agreement By accessing and using the shimadzu-testing.com website, you accept and agree to the terms of this agreement. In addition, when using this website\u2019s services, you shall be aware that posted guidelines and information can be modified or updated at any time. Any participation in this website will constitute acceptance [&hellip;]\" \/>\n<meta name=\"twitter:label1\" content=\"Odhadovan\u00e1 doba \u010dten\u00ed\" \/>\n\t<meta name=\"twitter:data1\" content=\"1 minuta\" \/>\n<script type=\"application\/ld+json\" class=\"yoast-schema-graph\">{\"@context\":\"https:\/\/schema.org\",\"@graph\":[{\"@type\":\"WebPage\",\"@id\":\"https:\/\/shimadzu-testing.com\/en\/terms-of-use\/\",\"url\":\"https:\/\/shimadzu-testing.com\/en\/terms-of-use\/\",\"name\":\"Terms of use - Shimadzu Testing\",\"isPartOf\":{\"@id\":\"https:\/\/shimadzu-testing.com\/en\/#website\"},\"datePublished\":\"2023-11-10T09:54:32+00:00\",\"dateModified\":\"2024-10-02T08:14:33+00:00\",\"breadcrumb\":{\"@id\":\"https:\/\/shimadzu-testing.com\/en\/terms-of-use\/#breadcrumb\"},\"inLanguage\":\"cs\",\"potentialAction\":[{\"@type\":\"ReadAction\",\"target\":[\"https:\/\/shimadzu-testing.com\/en\/terms-of-use\/\"]}]},{\"@type\":\"BreadcrumbList\",\"@id\":\"https:\/\/shimadzu-testing.com\/en\/terms-of-use\/#breadcrumb\",\"itemListElement\":[{\"@type\":\"ListItem\",\"position\":1,\"name\":\"Startseite\",\"item\":\"https:\/\/shimadzu-testing.com\/\"},{\"@type\":\"ListItem\",\"position\":2,\"name\":\"Terms of use\"}]},{\"@type\":\"WebSite\",\"@id\":\"https:\/\/shimadzu-testing.com\/en\/#website\",\"url\":\"https:\/\/shimadzu-testing.com\/en\/\",\"name\":\"Shimadzu Testing\",\"description\":\"Shimadzu Testing\",\"publisher\":{\"@id\":\"https:\/\/shimadzu-testing.com\/en\/#organization\"},\"potentialAction\":[{\"@type\":\"SearchAction\",\"target\":{\"@type\":\"EntryPoint\",\"urlTemplate\":\"https:\/\/shimadzu-testing.com\/en\/?s={search_term_string}\"},\"query-input\":{\"@type\":\"PropertyValueSpecification\",\"valueRequired\":true,\"valueName\":\"search_term_string\"}}],\"inLanguage\":\"cs\"},{\"@type\":\"Organization\",\"@id\":\"https:\/\/shimadzu-testing.com\/en\/#organization\",\"name\":\"Shimadzu Testing\",\"url\":\"https:\/\/shimadzu-testing.com\/en\/\",\"logo\":{\"@type\":\"ImageObject\",\"inLanguage\":\"cs\",\"@id\":\"https:\/\/shimadzu-testing.com\/en\/#\/schema\/logo\/image\/\",\"url\":\"https:\/\/shimadzu-testing.com\/wp-content\/uploads\/2024\/08\/shimadzu-logo-roter-hintergrund.svg\",\"contentUrl\":\"https:\/\/shimadzu-testing.com\/wp-content\/uploads\/2024\/08\/shimadzu-logo-roter-hintergrund.svg\",\"width\":364,\"height\":100,\"caption\":\"Shimadzu Testing\"},\"image\":{\"@id\":\"https:\/\/shimadzu-testing.com\/en\/#\/schema\/logo\/image\/\"}}]}<\/script>\n<!-- \/ Yoast SEO plugin. -->","yoast_head_json":{"title":"Terms of use - Shimadzu Testing","robots":{"index":"index","follow":"follow","max-snippet":"max-snippet:-1","max-image-preview":"max-image-preview:large","max-video-preview":"max-video-preview:-1"},"canonical":"https:\/\/shimadzu-testing.com\/cz\/terms-of-use\/","twitter_card":"summary_large_image","twitter_title":"Terms of use - Shimadzu Testing","twitter_description":"Shimadzu Terms of Use 1. Agreement By accessing and using the shimadzu-testing.com website, you accept and agree to the terms of this agreement. In addition, when using this website\u2019s services, you shall be aware that posted guidelines and information can be modified or updated at any time. Any participation in this website will constitute acceptance [&hellip;]","twitter_misc":{"Odhadovan\u00e1 doba \u010dten\u00ed":"1 minuta"},"schema":{"@context":"https:\/\/schema.org","@graph":[{"@type":"WebPage","@id":"https:\/\/shimadzu-testing.com\/en\/terms-of-use\/","url":"https:\/\/shimadzu-testing.com\/en\/terms-of-use\/","name":"Terms of use - Shimadzu Testing","isPartOf":{"@id":"https:\/\/shimadzu-testing.com\/en\/#website"},"datePublished":"2023-11-10T09:54:32+00:00","dateModified":"2024-10-02T08:14:33+00:00","breadcrumb":{"@id":"https:\/\/shimadzu-testing.com\/en\/terms-of-use\/#breadcrumb"},"inLanguage":"cs","potentialAction":[{"@type":"ReadAction","target":["https:\/\/shimadzu-testing.com\/en\/terms-of-use\/"]}]},{"@type":"BreadcrumbList","@id":"https:\/\/shimadzu-testing.com\/en\/terms-of-use\/#breadcrumb","itemListElement":[{"@type":"ListItem","position":1,"name":"Startseite","item":"https:\/\/shimadzu-testing.com\/"},{"@type":"ListItem","position":2,"name":"Terms of use"}]},{"@type":"WebSite","@id":"https:\/\/shimadzu-testing.com\/en\/#website","url":"https:\/\/shimadzu-testing.com\/en\/","name":"Shimadzu Testing","description":"Shimadzu Testing","publisher":{"@id":"https:\/\/shimadzu-testing.com\/en\/#organization"},"potentialAction":[{"@type":"SearchAction","target":{"@type":"EntryPoint","urlTemplate":"https:\/\/shimadzu-testing.com\/en\/?s={search_term_string}"},"query-input":{"@type":"PropertyValueSpecification","valueRequired":true,"valueName":"search_term_string"}}],"inLanguage":"cs"},{"@type":"Organization","@id":"https:\/\/shimadzu-testing.com\/en\/#organization","name":"Shimadzu Testing","url":"https:\/\/shimadzu-testing.com\/en\/","logo":{"@type":"ImageObject","inLanguage":"cs","@id":"https:\/\/shimadzu-testing.com\/en\/#\/schema\/logo\/image\/","url":"https:\/\/shimadzu-testing.com\/wp-content\/uploads\/2024\/08\/shimadzu-logo-roter-hintergrund.svg","contentUrl":"https:\/\/shimadzu-testing.com\/wp-content\/uploads\/2024\/08\/shimadzu-logo-roter-hintergrund.svg","width":364,"height":100,"caption":"Shimadzu Testing"},"image":{"@id":"https:\/\/shimadzu-testing.com\/en\/#\/schema\/logo\/image\/"}}]}},"_links":{"self":[{"href":"https:\/\/shimadzu-testing.com\/cz\/wp-json\/wp\/v2\/pages\/11140","targetHints":{"allow":["GET"]}}],"collection":[{"href":"https:\/\/shimadzu-testing.com\/cz\/wp-json\/wp\/v2\/pages"}],"about":[{"href":"https:\/\/shimadzu-testing.com\/cz\/wp-json\/wp\/v2\/types\/page"}],"author":[{"embeddable":true,"href":"https:\/\/shimadzu-testing.com\/cz\/wp-json\/wp\/v2\/users\/5"}],"replies":[{"embeddable":true,"href":"https:\/\/shimadzu-testing.com\/cz\/wp-json\/wp\/v2\/comments?post=11140"}],"version-history":[{"count":0,"href":"https:\/\/shimadzu-testing.com\/cz\/wp-json\/wp\/v2\/pages\/11140\/revisions"}],"wp:attachment":[{"href":"https:\/\/shimadzu-testing.com\/cz\/wp-json\/wp\/v2\/media?parent=11140"}],"curies":[{"name":"wp","href":"https:\/\/api.w.org\/{rel}","templated":true}]}}