{"id":10751,"date":"2023-11-09T13:39:50","date_gmt":"2023-11-09T12:39:43","guid":{"rendered":"https:\/\/dev.rockster.at\/?page_id=10751"},"modified":"2025-09-11T10:21:58","modified_gmt":"2025-09-11T08:21:58","slug":"pravni-upozorneni","status":"publish","type":"page","link":"https:\/\/shimadzu-testing.com\/cz\/pravni-upozorneni\/","title":{"rendered":"Pr\u00e1vn\u00ed upozorn\u011bn\u00ed"},"content":{"rendered":"<div data-elementor-type=\"wp-page\" data-elementor-id=\"10751\" class=\"elementor elementor-10751\" data-elementor-post-type=\"page\">\n\t\t\t\t<div class=\"elementor-element elementor-element-8a3392b e-flex e-con-boxed e-con e-parent\" data-id=\"8a3392b\" data-element_type=\"container\">\n\t\t\t\t\t<div class=\"e-con-inner\">\n\t\t\t\t<div class=\"elementor-element elementor-element-93bea3f elementor-widget elementor-widget-text-editor\" data-id=\"93bea3f\" data-element_type=\"widget\" data-widget_type=\"text-editor.default\">\n\t\t\t\t<div class=\"elementor-widget-container\">\n\t\t\t\t\t\t\t\t\t<h3>Shimadzu<\/h3><h1>Pr\u00e1vn\u00ed upozorn\u011bn\u00ed<\/h1>\t\t\t\t\t\t\t\t<\/div>\n\t\t\t\t<\/div>\n\t\t\t\t\t<\/div>\n\t\t\t\t<\/div>\n\t\t<div class=\"elementor-element elementor-element-5899d22 e-flex e-con-boxed e-con e-parent\" data-id=\"5899d22\" data-element_type=\"container\">\n\t\t\t\t\t<div class=\"e-con-inner\">\n\t\t<div class=\"elementor-element elementor-element-d5a1f75 e-con-full e-flex e-con e-child\" data-id=\"d5a1f75\" data-element_type=\"container\">\n\t\t<div class=\"elementor-element elementor-element-8b11c92 e-con-full e-flex e-con e-child\" data-id=\"8b11c92\" data-element_type=\"container\" data-settings=\"{&quot;background_background&quot;:&quot;classic&quot;}\">\n\t\t\t\t<div class=\"elementor-element elementor-element-986c660 kein-strich-h2 elementor-widget elementor-widget-heading\" data-id=\"986c660\" data-element_type=\"widget\" data-widget_type=\"heading.default\">\n\t\t\t\t<div class=\"elementor-widget-container\">\n\t\t\t\t\t<h2 class=\"elementor-heading-title elementor-size-default\">Shimadzu Handelsgesellschaft m.b.H.<\/h2>\t\t\t\t<\/div>\n\t\t\t\t<\/div>\n\t\t\t\t<div class=\"elementor-element elementor-element-2905b3d elementor-widget elementor-widget-text-editor\" data-id=\"2905b3d\" data-element_type=\"widget\" data-widget_type=\"text-editor.default\">\n\t\t\t\t<div class=\"elementor-widget-container\">\n\t\t\t\t\t\t\t\t\t<p>Laaer Stra\u00dfe 7-9<br \/>2100 Korneuburg<br \/>Rakousko<\/p>\t\t\t\t\t\t\t\t<\/div>\n\t\t\t\t<\/div>\n\t\t\t\t<div class=\"elementor-element elementor-element-5b8aaa8 elementor-list-item-link-inline underline email-link elementor-icon-list--layout-traditional elementor-widget elementor-widget-icon-list\" data-id=\"5b8aaa8\" data-element_type=\"widget\" data-widget_type=\"icon-list.default\">\n\t\t\t\t<div class=\"elementor-widget-container\">\n\t\t\t\t\t\t\t<ul class=\"elementor-icon-list-items\">\n\t\t\t\t\t\t\t<li class=\"elementor-icon-list-item\">\n\t\t\t\t\t\t\t\t\t\t\t<a href=\"tel:+432262626010\" data-no-translation=\"\">\n\n\t\t\t\t\t\t\t\t\t\t\t\t<span class=\"elementor-icon-list-icon\">\n\t\t\t\t\t\t\t<svg xmlns=\"http:\/\/www.w3.org\/2000\/svg\" width=\"7.056mm\" height=\"7.056mm\" viewbox=\"0 0 20 20\"><defs><style> .cls-1 { fill: #212121; } <\/style><\/defs><g><g id=\"Ebene_1\"><path id=\"Pfad_10533\" class=\"cls-1\" d=\"M13.75,0c1.243,0,2.25,1.007,2.25,2.25v15.5c0,1.243-1.007,2.25-2.25,2.25h-7.5c-1.243,0-2.25-1.007-2.25-2.25V2.25c0-1.243,1.007-2.25,2.25-2.25h7.5ZM13.75,1.5h-7.5c-.414,0-.75.336-.75.75v15.5c0,.414.336.75.75.75h7.5c.414,0,.75-.336.75-.75V2.25c0-.414-.336-.75-.75-.75ZM11.25,15.5c.414,0,.75.336.75.75s-.336.75-.75.75h-2.5c-.414,0-.75-.336-.75-.75s.336-.75.75-.75h2.5Z\"><\/path><\/g><\/g><\/svg>\t\t\t\t\t\t<\/span>\n\t\t\t\t\t\t\t\t\t\t<span class=\"elementor-icon-list-text\">+43 (0) 2262 62601 0<\/span>\n\t\t\t\t\t\t\t\t\t\t\t<\/a>\n\t\t\t\t\t\t\t\t\t<\/li>\n\t\t\t\t\t\t\t\t<li class=\"elementor-icon-list-item\">\n\t\t\t\t\t\t\t\t\t\t\t<a href=\"tel:+432262626013\" data-no-translation=\"\">\n\n\t\t\t\t\t\t\t\t\t\t\t\t<span class=\"elementor-icon-list-icon\">\n\t\t\t\t\t\t\t<svg xmlns=\"http:\/\/www.w3.org\/2000\/svg\" width=\"7.056mm\" height=\"7.056mm\" viewbox=\"0 0 20.001 20.001\"><defs><style> .cls-1 { fill: #212121; } <\/style><\/defs><g><g id=\"Ebene_1\"><path id=\"Pfad_24887\" class=\"cls-1\" d=\"M13.752,1.001c1.242.001,2.248,1.008,2.248,2.25v.75h.75c1.795.002,3.249,1.458,3.25,3.253v6c0,1.242-1.006,2.249-2.248,2.25h-1.752v1.25c-.002,1.241-1.009,2.247-2.25,2.247h-7.5c-1.243,0-2.25-1.007-2.25-2.25v-1.25h-1.75C1.008,15.501,0,14.493,0,13.251v-6C0,5.456,1.455,4.001,3.25,4.001h.75v-.75c0-1.243,1.007-2.25,2.25-2.25h7.502ZM13.752,11.501h-7.502c-.414,0-.75.336-.75.75v4.5c0,.414.336.75.75.75h7.5c.414,0,.75-.336.75-.75v-4.5c0-.414-.336-.75-.75-.75h.002ZM16.752,5.501H3.25c-.966,0-1.75.783-1.75,1.75,0,.001,0,.003,0,.004v6c0,.414.336.75.75.75h1.75v-1.754c0-1.243,1.007-2.25,2.25-2.25h7.5c1.243,0,2.25,1.007,2.25,2.25v1.75h1.783c.404-.013.724-.345.724-.749v-6c-.002-.968-.787-1.752-1.755-1.751ZM13.752,2.501h-7.502c-.414,0-.75.336-.75.75v.75h9v-.75c0-.413-.335-.749-.748-.75Z\"><\/path><\/g><\/g><\/svg>\t\t\t\t\t\t<\/span>\n\t\t\t\t\t\t\t\t\t\t<span class=\"elementor-icon-list-text\">+43 (0) 2262 62601 3<\/span>\n\t\t\t\t\t\t\t\t\t\t\t<\/a>\n\t\t\t\t\t\t\t\t\t<\/li>\n\t\t\t\t\t\t\t\t<li class=\"elementor-icon-list-item\">\n\t\t\t\t\t\t\t\t\t\t\t<a href=\"&#x6d;&#x61;&#x69;&#x6c;&#x74;&#x6f;&#x3a;&#x6f;&#x66;&#x66;&#x69;&#x63;&#x65;&#x40;&#115;&#104;&#105;&#109;&#97;&#100;&#122;&#117;&#46;&#97;&#116;\" data-no-translation=\"\">\n\n\t\t\t\t\t\t\t\t\t\t\t\t<span class=\"elementor-icon-list-icon\">\n\t\t\t\t\t\t\t<svg xmlns=\"http:\/\/www.w3.org\/2000\/svg\" width=\"7.056mm\" height=\"7.056mm\" viewbox=\"0 0 20 20\"><defs><style> .cls-1 { fill: #212121; } <\/style><\/defs><g><g id=\"Ebene_1\"><path id=\"Pfad_10534\" class=\"cls-1\" d=\"M3.25,2h13.5c1.725-.003,3.152,1.343,3.25,3.066v9.684c.003,1.725-1.343,3.152-3.066,3.25H3.25C1.525,18.003.098,16.657,0,14.934V5.25c-.003-1.725,1.343-3.152,3.066-3.25h.184ZM18.5,7.373l-8.15,4.29c-.185.097-.403.113-.6.043l-.1-.042L1.5,7.374v7.376c0,.911.698,1.669,1.606,1.744l.144.006h13.5c.911,0,1.67-.699,1.744-1.607l.006-.143v-7.377ZM16.75,3.5H3.25c-.911,0-1.669.698-1.744,1.606l-.006.144v.429l8.5,4.473,8.5-4.474v-.428c0-.911-.699-1.67-1.607-1.744l-.143-.006Z\"><\/path><\/g><\/g><\/svg>\t\t\t\t\t\t<\/span>\n\t\t\t\t\t\t\t\t\t\t<span class=\"elementor-icon-list-text\">&#x6f;&#x66;&#x66;&#x69;&#x63;&#x65;&#x40;&#x73;&#x68;&#x69;&#x6d;&#x61;&#x64;&#x7a;&#117;&#46;&#97;&#116;<\/span>\n\t\t\t\t\t\t\t\t\t\t\t<\/a>\n\t\t\t\t\t\t\t\t\t<\/li>\n\t\t\t\t\t\t<\/ul>\n\t\t\t\t\t\t<\/div>\n\t\t\t\t<\/div>\n\t\t\t\t<\/div>\n\t\t<div class=\"elementor-element elementor-element-bdd16b9 e-con-full e-flex e-con e-child\" data-id=\"bdd16b9\" data-element_type=\"container\" data-settings=\"{&quot;background_background&quot;:&quot;classic&quot;}\">\n\t\t\t\t<div class=\"elementor-element elementor-element-fee1396 elementor-widget elementor-widget-text-editor\" data-id=\"fee1396\" data-element_type=\"widget\" data-widget_type=\"text-editor.default\">\n\t\t\t\t<div class=\"elementor-widget-container\">\n\t\t\t\t\t\t\t\t\t<p>Obsah a \u00fa\u010del webov\u00fdch str\u00e1nek<\/p>\t\t\t\t\t\t\t\t<\/div>\n\t\t\t\t<\/div>\n\t\t\t\t<div class=\"elementor-element elementor-element-0609c9c elementor-widget elementor-widget-text-editor\" data-id=\"0609c9c\" data-element_type=\"widget\" data-widget_type=\"text-editor.default\">\n\t\t\t\t<div class=\"elementor-widget-container\">\n\t\t\t\t\t\t\t\t\t<p>Informace o spole\u010dnosti, jako\u017e i o produktech, propaga\u010dn\u00edch akc\u00edch a zaj\u00edmavostech o p\u0159edm\u011btu \u010dinnosti spole\u010dnosti.<\/p>\t\t\t\t\t\t\t\t<\/div>\n\t\t\t\t<\/div>\n\t\t\t\t<div class=\"elementor-element elementor-element-ce84d46 elementor-widget elementor-widget-text-editor\" data-id=\"ce84d46\" data-element_type=\"widget\" data-widget_type=\"text-editor.default\">\n\t\t\t\t<div class=\"elementor-widget-container\">\n\t\t\t\t\t\t\t\t\t<p>Autorsk\u00e1 pr\u00e1va, z\u0159eknut\u00ed se odpov\u011bdnosti<\/p>\t\t\t\t\t\t\t\t<\/div>\n\t\t\t\t<\/div>\n\t\t\t\t<div class=\"elementor-element elementor-element-ae221c3 elementor-widget elementor-widget-text-editor\" data-id=\"ae221c3\" data-element_type=\"widget\" data-widget_type=\"text-editor.default\">\n\t\t\t\t<div class=\"elementor-widget-container\">\n\t\t\t\t\t\t\t\t\t<p>Autor nenese odpov\u011bdnost za p\u0159\u00edpadn\u00e9 nespr\u00e1vn\u00e9 informace na domovsk\u00e9 str\u00e1nce. Ve\u0161ker\u00e9 informace jsou poskytov\u00e1ny bez z\u00e1ruky. Obsah t\u011bchto webov\u00fdch str\u00e1nek mohou jin\u00e9 osoby pou\u017e\u00edvat pouze s p\u0159edchoz\u00edm souhlasem autora. V\u0161echna pr\u00e1va vyhrazena.<\/p>\t\t\t\t\t\t\t\t<\/div>\n\t\t\t\t<\/div>\n\t\t\t\t<div class=\"elementor-element elementor-element-9feae98 elementor-widget elementor-widget-text-editor\" data-id=\"9feae98\" data-element_type=\"widget\" data-widget_type=\"text-editor.default\">\n\t\t\t\t<div class=\"elementor-widget-container\">\n\t\t\t\t\t\t\t\t\t<p>Odm\u00edtnut\u00ed odpov\u011bdnosti<\/p>\t\t\t\t\t\t\t\t<\/div>\n\t\t\t\t<\/div>\n\t\t\t\t<div class=\"elementor-element elementor-element-d8a81e3 elementor-widget elementor-widget-text-editor\" data-id=\"d8a81e3\" data-element_type=\"widget\" data-widget_type=\"text-editor.default\">\n\t\t\t\t<div class=\"elementor-widget-container\">\n\t\t\t\t\t\t\t\t\t<p>I p\u0159es maxim\u00e1ln\u00ed pe\u010dlivost p\u0159i v\u00fdb\u011bru a prezentaci nelze p\u0159evz\u00edt odpov\u011bdnost za p\u0159\u00edpadn\u00e9 chyby. Za obsah v\u0161ech odkaz\u016f, kter\u00e9 vedou na str\u00e1nky mimo www.rockster.at, nep\u0159eb\u00edr\u00e1me \u017e\u00e1dnou odpov\u011bdnost a za informace v nich obsa\u017een\u00e9 odpov\u00edd\u00e1 p\u0159\u00edslu\u0161n\u00fd poskytovatel slu\u017eeb. Za obsah t\u011bchto str\u00e1nek nep\u0159eb\u00edr\u00e1me \u017e\u00e1dnou odpov\u011bdnost a neschvalujeme jej.<\/p>\t\t\t\t\t\t\t\t<\/div>\n\t\t\t\t<\/div>\n\t\t\t\t<div class=\"elementor-element elementor-element-c7181cd elementor-widget elementor-widget-text-editor\" data-id=\"c7181cd\" data-element_type=\"widget\" data-widget_type=\"text-editor.default\">\n\t\t\t\t<div class=\"elementor-widget-container\">\n\t\t\t\t\t\t\t\t\t<p>Podm\u00ednky pou\u017e\u00edv\u00e1n\u00ed<\/p>\t\t\t\t\t\t\t\t<\/div>\n\t\t\t\t<\/div>\n\t\t\t\t<div class=\"elementor-element elementor-element-89471b7 elementor-widget elementor-widget-button\" data-id=\"89471b7\" data-element_type=\"widget\" data-widget_type=\"button.default\">\n\t\t\t\t<div class=\"elementor-widget-container\">\n\t\t\t\t\t\t\t\t\t<div class=\"elementor-button-wrapper\">\n\t\t\t\t\t<a class=\"elementor-button elementor-button-link elementor-size-sm\" href=\"\/cz\/terms-of-use\/\">\n\t\t\t\t\t\t<span class=\"elementor-button-content-wrapper\">\n\t\t\t\t\t\t\t\t\t<span class=\"elementor-button-text\">Podm\u00ednky pou\u017e\u00edv\u00e1n\u00ed<\/span>\n\t\t\t\t\t<\/span>\n\t\t\t\t\t<\/a>\n\t\t\t\t<\/div>\n\t\t\t\t\t\t\t\t<\/div>\n\t\t\t\t<\/div>\n\t\t\t\t<div class=\"elementor-element elementor-element-40db684 elementor-widget elementor-widget-text-editor\" data-id=\"40db684\" data-element_type=\"widget\" data-widget_type=\"text-editor.default\">\n\t\t\t\t<div class=\"elementor-widget-container\">\n\t\t\t\t\t\t\t\t\tCopyright \u00a9 2026\t\t\t\t\t\t\t\t<\/div>\n\t\t\t\t<\/div>\n\t\t\t\t<div class=\"elementor-element elementor-element-e4d3f8c elementor-widget elementor-widget-text-editor\" data-id=\"e4d3f8c\" data-element_type=\"widget\" data-widget_type=\"text-editor.default\">\n\t\t\t\t<div class=\"elementor-widget-container\">\n\t\t\t\t\t\t\t\t\t<p>Online design, v\u00fdvoj a poradenstv\u00ed<\/p>\t\t\t\t\t\t\t\t<\/div>\n\t\t\t\t<\/div>\n\t\t\t\t<div class=\"elementor-element elementor-element-04da660 email-link elementor-widget elementor-widget-text-editor\" data-id=\"04da660\" data-element_type=\"widget\" data-widget_type=\"text-editor.default\">\n\t\t\t\t<div class=\"elementor-widget-container\">\n\t\t\t\t\t\t\t\t\t<p>FEDERLEICHT e.U.<br \/><a title=\"FEDERLEICHT: Webdesign f\u00fcr Markenhersteller\" href=\"https:\/\/federleicht.cc\/\" target=\"_blank\" rel=\"nofollow noopener\" data-no-translation=\"\">www.federleicht.cc<\/a><\/p><p>Markus Neureiter<br \/>Wei\u00dfenbach 79<br \/>5431 Kuchl \/ Salzburg<br \/><a href=\"tel:+4369981645830\" data-no-translation=\"\">+43 699 81645830<\/a><br \/><a href=\"&#109;&#x61;i&#108;&#x74;o&#x3a;&#x6d;&#97;&#x72;k&#117;&#x73;&#64;&#102;&#x65;&#100;&#x65;r&#108;&#x65;i&#99;&#x68;&#116;&#x2e;&#x63;&#99;\" data-no-translation=\"\">&#109;&#x61;&#x72;k&#117;&#x73;&#64;&#102;&#x65;&#x64;e&#114;&#x6c;e&#105;&#x63;&#x68;t&#46;&#x63;c<\/a><\/p>\t\t\t\t\t\t\t\t<\/div>\n\t\t\t\t<\/div>\n\t\t\t\t<\/div>\n\t\t\t\t<\/div>\n\t\t<div class=\"elementor-element elementor-element-4ecad45 e-con-full e-flex e-con e-child\" data-id=\"4ecad45\" data-element_type=\"container\">\n\t\t<div class=\"elementor-element elementor-element-3d1b247 e-con-full e-flex e-con e-child\" data-id=\"3d1b247\" data-element_type=\"container\" data-settings=\"{&quot;background_background&quot;:&quot;classic&quot;}\">\n\t\t\t\t<div class=\"elementor-element elementor-element-207a3c5 kein-strich-h2 elementor-widget elementor-widget-heading\" data-id=\"207a3c5\" data-element_type=\"widget\" data-widget_type=\"heading.default\">\n\t\t\t\t<div class=\"elementor-widget-container\">\n\t\t\t\t\t<h2 class=\"elementor-heading-title elementor-size-default\">Otisk &amp; informace<\/h2>\t\t\t\t<\/div>\n\t\t\t\t<\/div>\n\t\t\t\t<div class=\"elementor-element elementor-element-d6c5b75 elementor-widget elementor-widget-text-editor\" data-id=\"d6c5b75\" data-element_type=\"widget\" data-widget_type=\"text-editor.default\">\n\t\t\t\t<div class=\"elementor-widget-container\">\n\t\t\t\t\t\t\t\t\t<p>Majitel podniku: Shimadzu Handelsgesellschaft m.b.H.<br \/>Pr\u00e1vn\u00ed forma: Spole\u010dnost s ru\u010den\u00edm omezen\u00fdm<br \/>Typ podnik\u00e1n\u00ed: nez\u00e1visl\u00fd podnikatel<br \/>Obchodn\u00ed z\u00e1stupce podle \u00a7 103 odst. 1 p\u00edsm. b Z. 24 GewO 1973<\/p>\t\t\t\t\t\t\t\t<\/div>\n\t\t\t\t<\/div>\n\t\t\t\t<div class=\"elementor-element elementor-element-5e51097 elementor-widget elementor-widget-text-editor\" data-id=\"5e51097\" data-element_type=\"widget\" data-widget_type=\"text-editor.default\">\n\t\t\t\t<div class=\"elementor-widget-container\">\n\t\t\t\t\t\t\t\t\t<p>Registra\u010dn\u00ed \u010d\u00edslo spole\u010dnosti: 058498b<br \/>GLN: 9110015354485<\/p>\t\t\t\t\t\t\t\t<\/div>\n\t\t\t\t<\/div>\n\t\t\t\t<div class=\"elementor-element elementor-element-3b4babb elementor-widget elementor-widget-text-editor\" data-id=\"3b4babb\" data-element_type=\"widget\" data-widget_type=\"text-editor.default\">\n\t\t\t\t<div class=\"elementor-widget-container\">\n\t\t\t\t\t\t\t\t\t<p>Gesch\u00e4ftsf\u00fchrer (gewerberechtlich): Robert Kaubek<\/p>\t\t\t\t\t\t\t\t<\/div>\n\t\t\t\t<\/div>\n\t\t\t\t<div class=\"elementor-element elementor-element-45a95b7 elementor-widget elementor-widget-text-editor\" data-id=\"45a95b7\" data-element_type=\"widget\" data-widget_type=\"text-editor.default\">\n\t\t\t\t<div class=\"elementor-widget-container\">\n\t\t\t\t\t\t\t\t\t<p>Obr\u00e1zek GISA: 12928859<br \/>\u010c\u00edslo UID: ATU 18379608<br \/>\u010c\u00edslo HRB: FN 58498b u Obchodn\u00edho soudu v Korneuburgu<\/p>\t\t\t\t\t\t\t\t<\/div>\n\t\t\t\t<\/div>\n\t\t\t\t<\/div>\n\t\t\t\t<\/div>\n\t\t\t\t\t<\/div>\n\t\t\t\t<\/div>\n\t\t\t\t<\/div>","protected":false},"excerpt":{"rendered":"<p>Shimadzu Legal Notice Shimadzu Handelsgesellschaft m.b.H. Laaer Stra\u00dfe 7-92100 KorneuburgAustria +43 (0) 2262 62601 0 +43 (0) 2262 62601 3 o&#102;&#102;&#x69;&#x63;e&#64;&#115;&#x68;&#x69;&#x6d;a&#100;&#122;&#x75;&#x2e;at Content and purpose of the website Information about the company, as well as products, promotions and interesting facts about the company&#8217;s object. Copyright, disclaimer The author is not liable for any incorrect information on [&hellip;]<\/p>","protected":false},"author":5,"featured_media":0,"parent":0,"menu_order":5,"comment_status":"closed","ping_status":"closed","template":"","meta":{"footnotes":""},"class_list":["post-10751","page","type-page","status-publish","hentry"],"yoast_head":"<!-- This site is optimized with the Yoast SEO plugin v25.4 - https:\/\/yoast.com\/wordpress\/plugins\/seo\/ -->\n<title>Legal Notice - Shimadzu Testing<\/title>\n<meta name=\"robots\" content=\"index, follow, max-snippet:-1, max-image-preview:large, max-video-preview:-1\" \/>\n<link rel=\"canonical\" href=\"https:\/\/shimadzu-testing.com\/cz\/pravni-upozorneni\/\" \/>\n<meta name=\"twitter:card\" content=\"summary_large_image\" \/>\n<meta name=\"twitter:title\" content=\"Legal Notice - Shimadzu Testing\" \/>\n<meta name=\"twitter:description\" content=\"Shimadzu Legal Notice Shimadzu Handelsgesellschaft m.b.H. Laaer Stra\u00dfe 7-92100 KorneuburgAustria +43 (0) 2262 62601 0 +43 (0) 2262 62601 3 o&#102;&#102;&#x69;&#x63;&#x65;&#064;s&#104;&#105;&#x6d;&#x61;&#x64;z&#117;&#046;&#097;&#x74; Content and purpose of the website Information about the company, as well as products, promotions and interesting facts about the company&#8217;s object. Copyright, disclaimer The author is not liable for any incorrect information on [&hellip;]\" \/>\n<meta name=\"twitter:label1\" content=\"Odhadovan\u00e1 doba \u010dten\u00ed\" \/>\n\t<meta name=\"twitter:data1\" content=\"1 minuta\" \/>\n<script type=\"application\/ld+json\" class=\"yoast-schema-graph\">{\"@context\":\"https:\/\/schema.org\",\"@graph\":[{\"@type\":\"WebPage\",\"@id\":\"https:\/\/shimadzu-testing.com\/legal-notice\/\",\"url\":\"https:\/\/shimadzu-testing.com\/legal-notice\/\",\"name\":\"Legal Notice - Shimadzu Testing\",\"isPartOf\":{\"@id\":\"https:\/\/shimadzu-testing.com\/en\/#website\"},\"datePublished\":\"2023-11-09T12:39:43+00:00\",\"dateModified\":\"2025-09-11T08:21:58+00:00\",\"breadcrumb\":{\"@id\":\"https:\/\/shimadzu-testing.com\/legal-notice\/#breadcrumb\"},\"inLanguage\":\"cs\",\"potentialAction\":[{\"@type\":\"ReadAction\",\"target\":[\"https:\/\/shimadzu-testing.com\/legal-notice\/\"]}]},{\"@type\":\"BreadcrumbList\",\"@id\":\"https:\/\/shimadzu-testing.com\/legal-notice\/#breadcrumb\",\"itemListElement\":[{\"@type\":\"ListItem\",\"position\":1,\"name\":\"Startseite\",\"item\":\"https:\/\/shimadzu-testing.com\/\"},{\"@type\":\"ListItem\",\"position\":2,\"name\":\"Legal Notice\"}]},{\"@type\":\"WebSite\",\"@id\":\"https:\/\/shimadzu-testing.com\/en\/#website\",\"url\":\"https:\/\/shimadzu-testing.com\/en\/\",\"name\":\"Shimadzu Testing\",\"description\":\"Shimadzu Testing\",\"publisher\":{\"@id\":\"https:\/\/shimadzu-testing.com\/en\/#organization\"},\"potentialAction\":[{\"@type\":\"SearchAction\",\"target\":{\"@type\":\"EntryPoint\",\"urlTemplate\":\"https:\/\/shimadzu-testing.com\/en\/?s={search_term_string}\"},\"query-input\":{\"@type\":\"PropertyValueSpecification\",\"valueRequired\":true,\"valueName\":\"search_term_string\"}}],\"inLanguage\":\"cs\"},{\"@type\":\"Organization\",\"@id\":\"https:\/\/shimadzu-testing.com\/en\/#organization\",\"name\":\"Shimadzu Testing\",\"url\":\"https:\/\/shimadzu-testing.com\/en\/\",\"logo\":{\"@type\":\"ImageObject\",\"inLanguage\":\"cs\",\"@id\":\"https:\/\/shimadzu-testing.com\/en\/#\/schema\/logo\/image\/\",\"url\":\"https:\/\/shimadzu-testing.com\/wp-content\/uploads\/2024\/08\/shimadzu-logo-roter-hintergrund.svg\",\"contentUrl\":\"https:\/\/shimadzu-testing.com\/wp-content\/uploads\/2024\/08\/shimadzu-logo-roter-hintergrund.svg\",\"width\":364,\"height\":100,\"caption\":\"Shimadzu Testing\"},\"image\":{\"@id\":\"https:\/\/shimadzu-testing.com\/en\/#\/schema\/logo\/image\/\"}}]}<\/script>\n<!-- \/ Yoast SEO plugin. -->","yoast_head_json":{"title":"Legal Notice - Shimadzu Testing","robots":{"index":"index","follow":"follow","max-snippet":"max-snippet:-1","max-image-preview":"max-image-preview:large","max-video-preview":"max-video-preview:-1"},"canonical":"https:\/\/shimadzu-testing.com\/cz\/pravni-upozorneni\/","twitter_card":"summary_large_image","twitter_title":"Legal Notice - Shimadzu Testing","twitter_description":"Shimadzu Legal Notice Shimadzu Handelsgesellschaft m.b.H. Laaer Stra\u00dfe 7-92100 KorneuburgAustria +43 (0) 2262 62601 0 +43 (0) 2262 62601 3 o&#102;&#102;&#x69;&#x63;&#x65;&#64;s&#104;&#105;&#x6d;&#x61;&#x64;z&#117;&#46;&#97;&#x74; Content and purpose of the website Information about the company, as well as products, promotions and interesting facts about the company&#8217;s object. Copyright, disclaimer The author is not liable for any incorrect information on [&hellip;]","twitter_misc":{"Odhadovan\u00e1 doba \u010dten\u00ed":"1 minuta"},"schema":{"@context":"https:\/\/schema.org","@graph":[{"@type":"WebPage","@id":"https:\/\/shimadzu-testing.com\/legal-notice\/","url":"https:\/\/shimadzu-testing.com\/legal-notice\/","name":"Legal Notice - Shimadzu Testing","isPartOf":{"@id":"https:\/\/shimadzu-testing.com\/en\/#website"},"datePublished":"2023-11-09T12:39:43+00:00","dateModified":"2025-09-11T08:21:58+00:00","breadcrumb":{"@id":"https:\/\/shimadzu-testing.com\/legal-notice\/#breadcrumb"},"inLanguage":"cs","potentialAction":[{"@type":"ReadAction","target":["https:\/\/shimadzu-testing.com\/legal-notice\/"]}]},{"@type":"BreadcrumbList","@id":"https:\/\/shimadzu-testing.com\/legal-notice\/#breadcrumb","itemListElement":[{"@type":"ListItem","position":1,"name":"Startseite","item":"https:\/\/shimadzu-testing.com\/"},{"@type":"ListItem","position":2,"name":"Legal Notice"}]},{"@type":"WebSite","@id":"https:\/\/shimadzu-testing.com\/en\/#website","url":"https:\/\/shimadzu-testing.com\/en\/","name":"Shimadzu Testing","description":"Shimadzu Testing","publisher":{"@id":"https:\/\/shimadzu-testing.com\/en\/#organization"},"potentialAction":[{"@type":"SearchAction","target":{"@type":"EntryPoint","urlTemplate":"https:\/\/shimadzu-testing.com\/en\/?s={search_term_string}"},"query-input":{"@type":"PropertyValueSpecification","valueRequired":true,"valueName":"search_term_string"}}],"inLanguage":"cs"},{"@type":"Organization","@id":"https:\/\/shimadzu-testing.com\/en\/#organization","name":"Shimadzu Testing","url":"https:\/\/shimadzu-testing.com\/en\/","logo":{"@type":"ImageObject","inLanguage":"cs","@id":"https:\/\/shimadzu-testing.com\/en\/#\/schema\/logo\/image\/","url":"https:\/\/shimadzu-testing.com\/wp-content\/uploads\/2024\/08\/shimadzu-logo-roter-hintergrund.svg","contentUrl":"https:\/\/shimadzu-testing.com\/wp-content\/uploads\/2024\/08\/shimadzu-logo-roter-hintergrund.svg","width":364,"height":100,"caption":"Shimadzu Testing"},"image":{"@id":"https:\/\/shimadzu-testing.com\/en\/#\/schema\/logo\/image\/"}}]}},"_links":{"self":[{"href":"https:\/\/shimadzu-testing.com\/cz\/wp-json\/wp\/v2\/pages\/10751","targetHints":{"allow":["GET"]}}],"collection":[{"href":"https:\/\/shimadzu-testing.com\/cz\/wp-json\/wp\/v2\/pages"}],"about":[{"href":"https:\/\/shimadzu-testing.com\/cz\/wp-json\/wp\/v2\/types\/page"}],"author":[{"embeddable":true,"href":"https:\/\/shimadzu-testing.com\/cz\/wp-json\/wp\/v2\/users\/5"}],"replies":[{"embeddable":true,"href":"https:\/\/shimadzu-testing.com\/cz\/wp-json\/wp\/v2\/comments?post=10751"}],"version-history":[{"count":0,"href":"https:\/\/shimadzu-testing.com\/cz\/wp-json\/wp\/v2\/pages\/10751\/revisions"}],"wp:attachment":[{"href":"https:\/\/shimadzu-testing.com\/cz\/wp-json\/wp\/v2\/media?parent=10751"}],"curies":[{"name":"wp","href":"https:\/\/api.w.org\/{rel}","templated":true}]}}